{"id":1140,"date":"2017-04-29T09:14:38","date_gmt":"2017-04-29T09:14:38","guid":{"rendered":"https:\/\/www.sislibilgisayarci.com\/?post_type=product&#038;p=1140"},"modified":"2024-04-06T09:14:02","modified_gmt":"2024-04-06T09:14:02","slug":"wll3170-d4-wireless-mini-pci-express-kart","status":"publish","type":"product","link":"https:\/\/www.sislibilgisayarci.com\/?product=wll3170-d4-wireless-mini-pci-express-kart","title":{"rendered":"WLL3170-D4 WIRELESS MINI PCI-EXPRESS KART"},"content":{"rendered":"<p>\u00dcr\u00fcn ikinci eldir.<\/p>\n<p>Kargo m\u00fc\u015fteriye aittir.<\/p>\n<p>&nbsp;<\/p>\n","protected":false},"excerpt":{"rendered":"<p>\u00dcr\u00fcn ikinci eldir. Kargo m\u00fc\u015fteriye aittir. &nbsp;<\/p>\n","protected":false},"featured_media":1141,"template":"","meta":[],"product_cat":[355],"product_tag":[423,365,969,114,1052],"_links":{"self":[{"href":"https:\/\/www.sislibilgisayarci.com\/index.php?rest_route=\/wp\/v2\/product\/1140"}],"collection":[{"href":"https:\/\/www.sislibilgisayarci.com\/index.php?rest_route=\/wp\/v2\/product"}],"about":[{"href":"https:\/\/www.sislibilgisayarci.com\/index.php?rest_route=\/wp\/v2\/types\/product"}],"wp:featuredmedia":[{"embeddable":true,"href":"https:\/\/www.sislibilgisayarci.com\/index.php?rest_route=\/wp\/v2\/media\/1141"}],"wp:attachment":[{"href":"https:\/\/www.sislibilgisayarci.com\/index.php?rest_route=%2Fwp%2Fv2%2Fmedia&parent=1140"}],"wp:term":[{"taxonomy":"product_cat","embeddable":true,"href":"https:\/\/www.sislibilgisayarci.com\/index.php?rest_route=%2Fwp%2Fv2%2Fproduct_cat&post=1140"},{"taxonomy":"product_tag","embeddable":true,"href":"https:\/\/www.sislibilgisayarci.com\/index.php?rest_route=%2Fwp%2Fv2%2Fproduct_tag&post=1140"}],"curies":[{"name":"wp","href":"https:\/\/api.w.org\/{rel}","templated":true}]}}