{"id":1243,"date":"2017-06-02T12:55:35","date_gmt":"2017-06-02T12:55:35","guid":{"rendered":"https:\/\/www.sislibilgisayarci.com\/?post_type=product&#038;p=1243"},"modified":"2024-04-06T09:13:58","modified_gmt":"2024-04-06T09:13:58","slug":"toshiba-satellite-a305-harddisk-kizagi","status":"publish","type":"product","link":"https:\/\/www.sislibilgisayarci.com\/?product=toshiba-satellite-a305-harddisk-kizagi","title":{"rendered":"Toshiba Satellite A305 Harddisk K\u0131za\u011f\u0131"},"content":{"rendered":"<p>\u00dcr\u00fcn ikinci eldir.<\/p>\n<p>Kargo m\u00fc\u015fteriye aittir.<\/p>\n","protected":false},"excerpt":{"rendered":"<p>\u00dcr\u00fcn ikinci eldir. Kargo m\u00fc\u015fteriye aittir.<\/p>\n","protected":false},"featured_media":1244,"template":"","meta":[],"product_cat":[380],"product_tag":[1041,1166,1165,1164,1163,1162,119,753,50,69],"_links":{"self":[{"href":"https:\/\/www.sislibilgisayarci.com\/index.php?rest_route=\/wp\/v2\/product\/1243"}],"collection":[{"href":"https:\/\/www.sislibilgisayarci.com\/index.php?rest_route=\/wp\/v2\/product"}],"about":[{"href":"https:\/\/www.sislibilgisayarci.com\/index.php?rest_route=\/wp\/v2\/types\/product"}],"wp:featuredmedia":[{"embeddable":true,"href":"https:\/\/www.sislibilgisayarci.com\/index.php?rest_route=\/wp\/v2\/media\/1244"}],"wp:attachment":[{"href":"https:\/\/www.sislibilgisayarci.com\/index.php?rest_route=%2Fwp%2Fv2%2Fmedia&parent=1243"}],"wp:term":[{"taxonomy":"product_cat","embeddable":true,"href":"https:\/\/www.sislibilgisayarci.com\/index.php?rest_route=%2Fwp%2Fv2%2Fproduct_cat&post=1243"},{"taxonomy":"product_tag","embeddable":true,"href":"https:\/\/www.sislibilgisayarci.com\/index.php?rest_route=%2Fwp%2Fv2%2Fproduct_tag&post=1243"}],"curies":[{"name":"wp","href":"https:\/\/api.w.org\/{rel}","templated":true}]}}