{"id":1247,"date":"2017-06-02T13:03:12","date_gmt":"2017-06-02T13:03:12","guid":{"rendered":"https:\/\/www.sislibilgisayarci.com\/?post_type=product&#038;p=1247"},"modified":"2024-04-06T09:13:57","modified_gmt":"2024-04-06T09:13:57","slug":"toshiba-satellite-a305-harddisk-kapagi-v000932710-b0248601s1008710a","status":"publish","type":"product","link":"https:\/\/www.sislibilgisayarci.com\/?product=toshiba-satellite-a305-harddisk-kapagi-v000932710-b0248601s1008710a","title":{"rendered":"Toshiba Satellite A305 Harddisk Kapa\u011f\u0131 V000932710 B0248601S1008710A"},"content":{"rendered":"<p>\u00dcr\u00fcn ikinci eldir.<\/p>\n<p>Kargo m\u00fc\u015fteriye aittir.<\/p>\n","protected":false},"excerpt":{"rendered":"<p>\u00dcr\u00fcn ikinci eldir. Kargo m\u00fc\u015fteriye aittir.<\/p>\n","protected":false},"featured_media":1249,"template":"","meta":[],"product_cat":[380],"product_tag":[1041,1166,1165,1164,1163,1162,1170,119,753,50,69,1169],"_links":{"self":[{"href":"https:\/\/www.sislibilgisayarci.com\/index.php?rest_route=\/wp\/v2\/product\/1247"}],"collection":[{"href":"https:\/\/www.sislibilgisayarci.com\/index.php?rest_route=\/wp\/v2\/product"}],"about":[{"href":"https:\/\/www.sislibilgisayarci.com\/index.php?rest_route=\/wp\/v2\/types\/product"}],"wp:featuredmedia":[{"embeddable":true,"href":"https:\/\/www.sislibilgisayarci.com\/index.php?rest_route=\/wp\/v2\/media\/1249"}],"wp:attachment":[{"href":"https:\/\/www.sislibilgisayarci.com\/index.php?rest_route=%2Fwp%2Fv2%2Fmedia&parent=1247"}],"wp:term":[{"taxonomy":"product_cat","embeddable":true,"href":"https:\/\/www.sislibilgisayarci.com\/index.php?rest_route=%2Fwp%2Fv2%2Fproduct_cat&post=1247"},{"taxonomy":"product_tag","embeddable":true,"href":"https:\/\/www.sislibilgisayarci.com\/index.php?rest_route=%2Fwp%2Fv2%2Fproduct_tag&post=1247"}],"curies":[{"name":"wp","href":"https:\/\/api.w.org\/{rel}","templated":true}]}}