{"id":1269,"date":"2017-06-02T14:42:40","date_gmt":"2017-06-02T14:42:40","guid":{"rendered":"https:\/\/www.sislibilgisayarci.com\/?post_type=product&#038;p=1269"},"modified":"2024-04-06T09:13:56","modified_gmt":"2024-04-06T09:13:56","slug":"toshiba-satellite-a300-305-a305d-wi-fi-karti-4965agn-mm1","status":"publish","type":"product","link":"https:\/\/www.sislibilgisayarci.com\/?product=toshiba-satellite-a300-305-a305d-wi-fi-karti-4965agn-mm1","title":{"rendered":"Toshiba Satellite A300 305 A305D wi-fi kart\u0131 4965AGN MM1"},"content":{"rendered":"<p>\u00dcr\u00fcn ikinci eldir.<\/p>\n<p>Kargo m\u00fc\u015fteriye aittir.<\/p>\n","protected":false},"excerpt":{"rendered":"<p>\u00dcr\u00fcn ikinci eldir. Kargo m\u00fc\u015fteriye aittir.<\/p>\n","protected":false},"featured_media":1270,"template":"","meta":[],"product_cat":[355],"product_tag":[1183,1186,1040,1162,349,50,69,779],"_links":{"self":[{"href":"https:\/\/www.sislibilgisayarci.com\/index.php?rest_route=\/wp\/v2\/product\/1269"}],"collection":[{"href":"https:\/\/www.sislibilgisayarci.com\/index.php?rest_route=\/wp\/v2\/product"}],"about":[{"href":"https:\/\/www.sislibilgisayarci.com\/index.php?rest_route=\/wp\/v2\/types\/product"}],"wp:featuredmedia":[{"embeddable":true,"href":"https:\/\/www.sislibilgisayarci.com\/index.php?rest_route=\/wp\/v2\/media\/1270"}],"wp:attachment":[{"href":"https:\/\/www.sislibilgisayarci.com\/index.php?rest_route=%2Fwp%2Fv2%2Fmedia&parent=1269"}],"wp:term":[{"taxonomy":"product_cat","embeddable":true,"href":"https:\/\/www.sislibilgisayarci.com\/index.php?rest_route=%2Fwp%2Fv2%2Fproduct_cat&post=1269"},{"taxonomy":"product_tag","embeddable":true,"href":"https:\/\/www.sislibilgisayarci.com\/index.php?rest_route=%2Fwp%2Fv2%2Fproduct_tag&post=1269"}],"curies":[{"name":"wp","href":"https:\/\/api.w.org\/{rel}","templated":true}]}}