{"id":135,"date":"2017-01-07T12:29:48","date_gmt":"2017-01-07T12:29:48","guid":{"rendered":"https:\/\/www.sislibilgisayarci.com\/?post_type=product&#038;p=135"},"modified":"2024-04-06T09:14:55","modified_gmt":"2024-04-06T09:14:55","slug":"lenovo-25-012621-pk130e43a12-klavye","status":"publish","type":"product","link":"https:\/\/www.sislibilgisayarci.com\/?product=lenovo-25-012621-pk130e43a12-klavye","title":{"rendered":"LENOVO 25 &#8211; 012621 PK130E43A12 KLAVYE"},"content":{"rendered":"<p>\u00dcr\u00fcn 2. eldir.<\/p>\n<p>Kargo m\u00fc\u015fteriye aittir.<\/p>\n<p>LENOVO Z560A, Z560, Z565, G570 Q T\u00dcRK\u00c7E KLAVYE TU\u015e TAKIMI<br \/>\n9Z.N5SSC.00T B50SC 25-012621 PK130E43A12<\/p>\n<p>Lenovo Laptoptan \u00e7\u0131km\u0131\u015ft\u0131r. Temiz az kullan\u0131lm\u0131\u015ft\u0131r.<\/p>\n","protected":false},"excerpt":{"rendered":"<p>\u00dcr\u00fcn 2. eldir. Kargo m\u00fc\u015fteriye aittir. LENOVO Z560A, Z560, Z565, G570 Q T\u00dcRK\u00c7E KLAVYE TU\u015e TAKIMI 9Z.N5SSC.00T B50SC 25-012621 PK130E43A12 Lenovo Laptoptan \u00e7\u0131km\u0131\u015ft\u0131r. Temiz az kullan\u0131lm\u0131\u015ft\u0131r.<\/p>\n","protected":false},"featured_media":136,"template":"","meta":[],"product_cat":[48],"product_tag":[71,70,72],"_links":{"self":[{"href":"https:\/\/www.sislibilgisayarci.com\/index.php?rest_route=\/wp\/v2\/product\/135"}],"collection":[{"href":"https:\/\/www.sislibilgisayarci.com\/index.php?rest_route=\/wp\/v2\/product"}],"about":[{"href":"https:\/\/www.sislibilgisayarci.com\/index.php?rest_route=\/wp\/v2\/types\/product"}],"wp:featuredmedia":[{"embeddable":true,"href":"https:\/\/www.sislibilgisayarci.com\/index.php?rest_route=\/wp\/v2\/media\/136"}],"wp:attachment":[{"href":"https:\/\/www.sislibilgisayarci.com\/index.php?rest_route=%2Fwp%2Fv2%2Fmedia&parent=135"}],"wp:term":[{"taxonomy":"product_cat","embeddable":true,"href":"https:\/\/www.sislibilgisayarci.com\/index.php?rest_route=%2Fwp%2Fv2%2Fproduct_cat&post=135"},{"taxonomy":"product_tag","embeddable":true,"href":"https:\/\/www.sislibilgisayarci.com\/index.php?rest_route=%2Fwp%2Fv2%2Fproduct_tag&post=135"}],"curies":[{"name":"wp","href":"https:\/\/api.w.org\/{rel}","templated":true}]}}