{"id":1495,"date":"2018-06-29T13:58:22","date_gmt":"2018-06-29T13:58:22","guid":{"rendered":"https:\/\/www.sislibilgisayarci.com\/?post_type=product&#038;p=1495"},"modified":"2024-04-06T09:13:47","modified_gmt":"2024-04-06T09:13:47","slug":"packard-bell-pew91-acer-aspire-5551-wireless-kapagi-ap0c9000700","status":"publish","type":"product","link":"https:\/\/www.sislibilgisayarci.com\/?product=packard-bell-pew91-acer-aspire-5551-wireless-kapagi-ap0c9000700","title":{"rendered":"Packard Bell PEW91, Acer Aspire 5551 Wireless Kapag\u0131 AP0C9000700"},"content":{"rendered":"<p>\u00dcr\u00fcn ikinci eldir.<\/p>\n<p>Kargo m\u00fc\u015fteriye aittir.<\/p>\n<p>&nbsp;<\/p>\n<p>&nbsp;<\/p>\n","protected":false},"excerpt":{"rendered":"<p>\u00dcr\u00fcn ikinci eldir. Kargo m\u00fc\u015fteriye aittir. &nbsp; &nbsp;<\/p>\n","protected":false},"featured_media":1496,"template":"","meta":[],"product_cat":[380],"product_tag":[1403,508,1404,1396,1401,384,1400,1402,114],"_links":{"self":[{"href":"https:\/\/www.sislibilgisayarci.com\/index.php?rest_route=\/wp\/v2\/product\/1495"}],"collection":[{"href":"https:\/\/www.sislibilgisayarci.com\/index.php?rest_route=\/wp\/v2\/product"}],"about":[{"href":"https:\/\/www.sislibilgisayarci.com\/index.php?rest_route=\/wp\/v2\/types\/product"}],"wp:featuredmedia":[{"embeddable":true,"href":"https:\/\/www.sislibilgisayarci.com\/index.php?rest_route=\/wp\/v2\/media\/1496"}],"wp:attachment":[{"href":"https:\/\/www.sislibilgisayarci.com\/index.php?rest_route=%2Fwp%2Fv2%2Fmedia&parent=1495"}],"wp:term":[{"taxonomy":"product_cat","embeddable":true,"href":"https:\/\/www.sislibilgisayarci.com\/index.php?rest_route=%2Fwp%2Fv2%2Fproduct_cat&post=1495"},{"taxonomy":"product_tag","embeddable":true,"href":"https:\/\/www.sislibilgisayarci.com\/index.php?rest_route=%2Fwp%2Fv2%2Fproduct_tag&post=1495"}],"curies":[{"name":"wp","href":"https:\/\/api.w.org\/{rel}","templated":true}]}}