{"id":1548,"date":"2018-07-19T09:44:04","date_gmt":"2018-07-19T09:44:04","guid":{"rendered":"https:\/\/www.sislibilgisayarci.com\/?post_type=product&#038;p=1548"},"modified":"2024-04-06T09:13:45","modified_gmt":"2024-04-06T09:13:45","slug":"asus-n550jv-ust-kasa-13nb00k1am0931-13n0-p9a0831","status":"publish","type":"product","link":"https:\/\/www.sislibilgisayarci.com\/?product=asus-n550jv-ust-kasa-13nb00k1am0931-13n0-p9a0831","title":{"rendered":"ASUS N550JV \u00dcst kasa, 13NB00K1AM0931 13N0-P9A0831"},"content":{"rendered":"<p>ASUS N550JV N550JA N550LF N550JK<\/p>\n<p>Temiz g\u00f6r\u00fcn\u00fcml\u00fcd\u00fcr, sa\u011f taraftaki vida yuvas\u0131 tamir harc\u0131 ile s\u0131vanm\u0131\u015ft\u0131r. .<\/p>\n<p>Touchpad \u00e7al\u0131\u015fmaktad\u0131r, \u00fcst kasa ile verilecektir.<\/p>\n<p>2. el \u00fcr\u00fcnd\u00fcr.<\/p>\n<p>Kargo \u00fccreti al\u0131c\u0131ya aittir.<\/p>\n","protected":false},"excerpt":{"rendered":"<p>ASUS N550JV N550JA N550LF N550JK Temiz g\u00f6r\u00fcn\u00fcml\u00fcd\u00fcr, sa\u011f taraftaki vida yuvas\u0131 tamir harc\u0131 ile s\u0131vanm\u0131\u015ft\u0131r. . Touchpad \u00e7al\u0131\u015fmaktad\u0131r, \u00fcst kasa ile verilecektir. 2. el \u00fcr\u00fcnd\u00fcr. Kargo \u00fccreti al\u0131c\u0131ya aittir.<\/p>\n","protected":false},"featured_media":1549,"template":"","meta":[],"product_cat":[213],"product_tag":[1441,1440],"_links":{"self":[{"href":"https:\/\/www.sislibilgisayarci.com\/index.php?rest_route=\/wp\/v2\/product\/1548"}],"collection":[{"href":"https:\/\/www.sislibilgisayarci.com\/index.php?rest_route=\/wp\/v2\/product"}],"about":[{"href":"https:\/\/www.sislibilgisayarci.com\/index.php?rest_route=\/wp\/v2\/types\/product"}],"wp:featuredmedia":[{"embeddable":true,"href":"https:\/\/www.sislibilgisayarci.com\/index.php?rest_route=\/wp\/v2\/media\/1549"}],"wp:attachment":[{"href":"https:\/\/www.sislibilgisayarci.com\/index.php?rest_route=%2Fwp%2Fv2%2Fmedia&parent=1548"}],"wp:term":[{"taxonomy":"product_cat","embeddable":true,"href":"https:\/\/www.sislibilgisayarci.com\/index.php?rest_route=%2Fwp%2Fv2%2Fproduct_cat&post=1548"},{"taxonomy":"product_tag","embeddable":true,"href":"https:\/\/www.sislibilgisayarci.com\/index.php?rest_route=%2Fwp%2Fv2%2Fproduct_tag&post=1548"}],"curies":[{"name":"wp","href":"https:\/\/api.w.org\/{rel}","templated":true}]}}