{"id":1709,"date":"2019-01-07T09:12:42","date_gmt":"2019-01-07T09:12:42","guid":{"rendered":"https:\/\/www.sislibilgisayarci.com\/?post_type=product&#038;p=1709"},"modified":"2024-04-06T09:13:42","modified_gmt":"2024-04-06T09:13:42","slug":"samsung-np-sf511-s06tr-lcd-alt-kasa-ba75-02966f","status":"publish","type":"product","link":"https:\/\/www.sislibilgisayarci.com\/?product=samsung-np-sf511-s06tr-lcd-alt-kasa-ba75-02966f","title":{"rendered":"Samsung NP &#8211; SF511 &#8211; S06TR \u00dcst Kasa ba75-02966f"},"content":{"rendered":"<p>\u00dczerinde ufak tefek lekeler mevcuttur. K\u0131r\u0131k \u00e7atlak vs. mevcut de\u011fildir.<\/p>\n<p>Klavyesi ayr\u0131ca sat\u0131lmaktad\u0131r.<\/p>\n<p>Resim Temsilidir.<\/p>\n<p>\u00dcr\u00fcn ikinci eldir.<\/p>\n<p>Kargo m\u00fc\u015fteriye aittir.<\/p>\n<p>&nbsp;<\/p>\n<p>&nbsp;<\/p>\n<p>&nbsp;<\/p>\n","protected":false},"excerpt":{"rendered":"<p>\u00dczerinde ufak tefek lekeler mevcuttur. K\u0131r\u0131k \u00e7atlak vs. mevcut de\u011fildir. Klavyesi ayr\u0131ca sat\u0131lmaktad\u0131r. Resim Temsilidir. \u00dcr\u00fcn ikinci eldir. Kargo m\u00fc\u015fteriye aittir. &nbsp; &nbsp; &nbsp;<\/p>\n","protected":false},"featured_media":1710,"template":"","meta":[],"product_cat":[213],"product_tag":[1520],"_links":{"self":[{"href":"https:\/\/www.sislibilgisayarci.com\/index.php?rest_route=\/wp\/v2\/product\/1709"}],"collection":[{"href":"https:\/\/www.sislibilgisayarci.com\/index.php?rest_route=\/wp\/v2\/product"}],"about":[{"href":"https:\/\/www.sislibilgisayarci.com\/index.php?rest_route=\/wp\/v2\/types\/product"}],"wp:featuredmedia":[{"embeddable":true,"href":"https:\/\/www.sislibilgisayarci.com\/index.php?rest_route=\/wp\/v2\/media\/1710"}],"wp:attachment":[{"href":"https:\/\/www.sislibilgisayarci.com\/index.php?rest_route=%2Fwp%2Fv2%2Fmedia&parent=1709"}],"wp:term":[{"taxonomy":"product_cat","embeddable":true,"href":"https:\/\/www.sislibilgisayarci.com\/index.php?rest_route=%2Fwp%2Fv2%2Fproduct_cat&post=1709"},{"taxonomy":"product_tag","embeddable":true,"href":"https:\/\/www.sislibilgisayarci.com\/index.php?rest_route=%2Fwp%2Fv2%2Fproduct_tag&post=1709"}],"curies":[{"name":"wp","href":"https:\/\/api.w.org\/{rel}","templated":true}]}}