{"id":1965,"date":"2019-10-12T12:50:49","date_gmt":"2019-10-12T12:50:49","guid":{"rendered":"https:\/\/www.sislibilgisayarci.com\/?post_type=product&#038;p=1965"},"modified":"2024-04-06T09:13:37","modified_gmt":"2024-04-06T09:13:37","slug":"dell-studio-1537-1735-1536-1535-mentese","status":"publish","type":"product","link":"https:\/\/www.sislibilgisayarci.com\/?product=dell-studio-1537-1735-1536-1535-mentese","title":{"rendered":"Dell Studio 1537 1735 1536 1535 Mente\u015fe"},"content":{"rendered":"<p>\u0130\u015fleyi\u015finde bir sorun yoktur.<\/p>\n<p>\u00dcr\u00fcn ikinci eldir.<\/p>\n<p>Resim temsilidir.<\/p>\n<p>Kargo \u00fccreti al\u0131c\u0131ya aittir.<\/p>\n","protected":false},"excerpt":{"rendered":"<p>\u0130\u015fleyi\u015finde bir sorun yoktur. \u00dcr\u00fcn ikinci eldir. Resim temsilidir. Kargo \u00fccreti al\u0131c\u0131ya aittir.<\/p>\n","protected":false},"featured_media":1966,"template":"","meta":[],"product_cat":[43],"product_tag":[1607],"_links":{"self":[{"href":"https:\/\/www.sislibilgisayarci.com\/index.php?rest_route=\/wp\/v2\/product\/1965"}],"collection":[{"href":"https:\/\/www.sislibilgisayarci.com\/index.php?rest_route=\/wp\/v2\/product"}],"about":[{"href":"https:\/\/www.sislibilgisayarci.com\/index.php?rest_route=\/wp\/v2\/types\/product"}],"wp:featuredmedia":[{"embeddable":true,"href":"https:\/\/www.sislibilgisayarci.com\/index.php?rest_route=\/wp\/v2\/media\/1966"}],"wp:attachment":[{"href":"https:\/\/www.sislibilgisayarci.com\/index.php?rest_route=%2Fwp%2Fv2%2Fmedia&parent=1965"}],"wp:term":[{"taxonomy":"product_cat","embeddable":true,"href":"https:\/\/www.sislibilgisayarci.com\/index.php?rest_route=%2Fwp%2Fv2%2Fproduct_cat&post=1965"},{"taxonomy":"product_tag","embeddable":true,"href":"https:\/\/www.sislibilgisayarci.com\/index.php?rest_route=%2Fwp%2Fv2%2Fproduct_tag&post=1965"}],"curies":[{"name":"wp","href":"https:\/\/api.w.org\/{rel}","templated":true}]}}