{"id":2003,"date":"2019-10-14T15:47:17","date_gmt":"2019-10-14T15:47:17","guid":{"rendered":"https:\/\/www.sislibilgisayarci.com\/?post_type=product&#038;p=2003"},"modified":"2024-04-06T09:13:35","modified_gmt":"2024-04-06T09:13:35","slug":"hp-compaq-presario-cq56-33axlbatp10-3saxltatp00-ust-kasa","status":"publish","type":"product","link":"https:\/\/www.sislibilgisayarci.com\/?product=hp-compaq-presario-cq56-33axlbatp10-3saxltatp00-ust-kasa","title":{"rendered":"HP Compaq Presario CQ56, 33AXLBATP10, 3SAXLTATP00 \u00dcST KASA"},"content":{"rendered":"<p>\u00dczerinde kullan\u0131ma ba\u011fl\u0131 \u00e7izikler mevcuttur.<\/p>\n<p>\u0130\u015fleyi\u015finde bir sorun yoktur.<\/p>\n<p>\u00dcr\u00fcn ikinci eldir.<\/p>\n<p>Kargo \u00fccreti al\u0131c\u0131ya aittir.<\/p>\n","protected":false},"excerpt":{"rendered":"<p>\u00dczerinde kullan\u0131ma ba\u011fl\u0131 \u00e7izikler mevcuttur. \u0130\u015fleyi\u015finde bir sorun yoktur. \u00dcr\u00fcn ikinci eldir. Kargo \u00fccreti al\u0131c\u0131ya aittir.<\/p>\n","protected":false},"featured_media":2004,"template":"","meta":[],"product_cat":[213],"product_tag":[1620,1621,1619],"_links":{"self":[{"href":"https:\/\/www.sislibilgisayarci.com\/index.php?rest_route=\/wp\/v2\/product\/2003"}],"collection":[{"href":"https:\/\/www.sislibilgisayarci.com\/index.php?rest_route=\/wp\/v2\/product"}],"about":[{"href":"https:\/\/www.sislibilgisayarci.com\/index.php?rest_route=\/wp\/v2\/types\/product"}],"wp:featuredmedia":[{"embeddable":true,"href":"https:\/\/www.sislibilgisayarci.com\/index.php?rest_route=\/wp\/v2\/media\/2004"}],"wp:attachment":[{"href":"https:\/\/www.sislibilgisayarci.com\/index.php?rest_route=%2Fwp%2Fv2%2Fmedia&parent=2003"}],"wp:term":[{"taxonomy":"product_cat","embeddable":true,"href":"https:\/\/www.sislibilgisayarci.com\/index.php?rest_route=%2Fwp%2Fv2%2Fproduct_cat&post=2003"},{"taxonomy":"product_tag","embeddable":true,"href":"https:\/\/www.sislibilgisayarci.com\/index.php?rest_route=%2Fwp%2Fv2%2Fproduct_tag&post=2003"}],"curies":[{"name":"wp","href":"https:\/\/api.w.org\/{rel}","templated":true}]}}