{"id":2026,"date":"2019-10-15T12:44:49","date_gmt":"2019-10-15T12:44:49","guid":{"rendered":"https:\/\/www.sislibilgisayarci.com\/?post_type=product&#038;p=2026"},"modified":"2024-04-06T09:13:35","modified_gmt":"2024-04-06T09:13:35","slug":"samsung-np350v5c-ust-kasa","status":"publish","type":"product","link":"https:\/\/www.sislibilgisayarci.com\/?product=samsung-np350v5c-ust-kasa","title":{"rendered":"Samsung NP350V5C \u00dcst Kasa"},"content":{"rendered":"<p>\u0130\u015fleyi\u015finde bir sorun yoktur. Kasada kullan\u0131ma ba\u011fl\u0131 \u00e7izikler mevcuttur.<\/p>\n<p>\u00dcr\u00fcn ikinci eldir.<\/p>\n<p>Resim temsilidir.<\/p>\n<p>Kargo \u00fccreti al\u0131c\u0131ya aittir.<\/p>\n","protected":false},"excerpt":{"rendered":"<p>\u0130\u015fleyi\u015finde bir sorun yoktur. Kasada kullan\u0131ma ba\u011fl\u0131 \u00e7izikler mevcuttur. \u00dcr\u00fcn ikinci eldir. Resim temsilidir. Kargo \u00fccreti al\u0131c\u0131ya aittir.<\/p>\n","protected":false},"featured_media":2027,"template":"","meta":[],"product_cat":[213],"product_tag":[1631],"_links":{"self":[{"href":"https:\/\/www.sislibilgisayarci.com\/index.php?rest_route=\/wp\/v2\/product\/2026"}],"collection":[{"href":"https:\/\/www.sislibilgisayarci.com\/index.php?rest_route=\/wp\/v2\/product"}],"about":[{"href":"https:\/\/www.sislibilgisayarci.com\/index.php?rest_route=\/wp\/v2\/types\/product"}],"wp:featuredmedia":[{"embeddable":true,"href":"https:\/\/www.sislibilgisayarci.com\/index.php?rest_route=\/wp\/v2\/media\/2027"}],"wp:attachment":[{"href":"https:\/\/www.sislibilgisayarci.com\/index.php?rest_route=%2Fwp%2Fv2%2Fmedia&parent=2026"}],"wp:term":[{"taxonomy":"product_cat","embeddable":true,"href":"https:\/\/www.sislibilgisayarci.com\/index.php?rest_route=%2Fwp%2Fv2%2Fproduct_cat&post=2026"},{"taxonomy":"product_tag","embeddable":true,"href":"https:\/\/www.sislibilgisayarci.com\/index.php?rest_route=%2Fwp%2Fv2%2Fproduct_tag&post=2026"}],"curies":[{"name":"wp","href":"https:\/\/api.w.org\/{rel}","templated":true}]}}