{"id":2030,"date":"2019-10-15T12:54:57","date_gmt":"2019-10-15T12:54:57","guid":{"rendered":"https:\/\/www.sislibilgisayarci.com\/?post_type=product&#038;p=2030"},"modified":"2024-09-12T14:13:32","modified_gmt":"2024-09-12T14:13:32","slug":"samsung-np350v5c-am0rs000100-am0rs000200-sag-ve-sol-mentese","status":"publish","type":"product","link":"https:\/\/www.sislibilgisayarci.com\/?product=samsung-np350v5c-am0rs000100-am0rs000200-sag-ve-sol-mentese","title":{"rendered":"Samsung NP350V5C AM0RS000100, AM0RS000200 sa\u011f ve sol mente\u015fe"},"content":{"rendered":"<p>\u0130\u015fleyi\u015finde bir sorun yoktur. Kasada kullan\u0131ma ba\u011fl\u0131 \u00e7izikler mevcuttur.<\/p>\n<p>\u00dcr\u00fcn ikinci eldir.<\/p>\n<p>Resim temsilidir.<\/p>\n<p>Kargo \u00fccreti al\u0131c\u0131ya aittir.<\/p>\n","protected":false},"excerpt":{"rendered":"<p>\u0130\u015fleyi\u015finde bir sorun yoktur. Kasada kullan\u0131ma ba\u011fl\u0131 \u00e7izikler mevcuttur. \u00dcr\u00fcn ikinci eldir. Resim temsilidir. Kargo \u00fccreti al\u0131c\u0131ya aittir.<\/p>\n","protected":false},"featured_media":2031,"template":"","meta":[],"product_cat":[43],"product_tag":[1634,1633],"_links":{"self":[{"href":"https:\/\/www.sislibilgisayarci.com\/index.php?rest_route=\/wp\/v2\/product\/2030"}],"collection":[{"href":"https:\/\/www.sislibilgisayarci.com\/index.php?rest_route=\/wp\/v2\/product"}],"about":[{"href":"https:\/\/www.sislibilgisayarci.com\/index.php?rest_route=\/wp\/v2\/types\/product"}],"wp:featuredmedia":[{"embeddable":true,"href":"https:\/\/www.sislibilgisayarci.com\/index.php?rest_route=\/wp\/v2\/media\/2031"}],"wp:attachment":[{"href":"https:\/\/www.sislibilgisayarci.com\/index.php?rest_route=%2Fwp%2Fv2%2Fmedia&parent=2030"}],"wp:term":[{"taxonomy":"product_cat","embeddable":true,"href":"https:\/\/www.sislibilgisayarci.com\/index.php?rest_route=%2Fwp%2Fv2%2Fproduct_cat&post=2030"},{"taxonomy":"product_tag","embeddable":true,"href":"https:\/\/www.sislibilgisayarci.com\/index.php?rest_route=%2Fwp%2Fv2%2Fproduct_tag&post=2030"}],"curies":[{"name":"wp","href":"https:\/\/api.w.org\/{rel}","templated":true}]}}