{"id":2072,"date":"2019-10-17T13:33:12","date_gmt":"2019-10-17T13:33:12","guid":{"rendered":"https:\/\/www.sislibilgisayarci.com\/?post_type=product&#038;p=2072"},"modified":"2024-04-06T09:13:34","modified_gmt":"2024-04-06T09:13:34","slug":"notebook-ust-kasa-lenovo-b560-ust-kasa-39-4jw03-001","status":"publish","type":"product","link":"https:\/\/www.sislibilgisayarci.com\/?product=notebook-ust-kasa-lenovo-b560-ust-kasa-39-4jw03-001","title":{"rendered":"NOTEBOOK \u00dcST KASA &#8211; LENOVO B560 \u00dcST KASA 39.4JW03.001"},"content":{"rendered":"<p>\u0130\u015fleyi\u015finde bir sorun yoktur.<\/p>\n<p>\u00dcr\u00fcn ikinci eldir.<\/p>\n<p>Resim temsilidir.<\/p>\n<p>Kargo \u00fccreti al\u0131c\u0131ya aittir.<\/p>\n","protected":false},"excerpt":{"rendered":"<p>\u0130\u015fleyi\u015finde bir sorun yoktur. \u00dcr\u00fcn ikinci eldir. Resim temsilidir. Kargo \u00fccreti al\u0131c\u0131ya aittir.<\/p>\n","protected":false},"featured_media":2073,"template":"","meta":[],"product_cat":[213],"product_tag":[1650],"_links":{"self":[{"href":"https:\/\/www.sislibilgisayarci.com\/index.php?rest_route=\/wp\/v2\/product\/2072"}],"collection":[{"href":"https:\/\/www.sislibilgisayarci.com\/index.php?rest_route=\/wp\/v2\/product"}],"about":[{"href":"https:\/\/www.sislibilgisayarci.com\/index.php?rest_route=\/wp\/v2\/types\/product"}],"wp:featuredmedia":[{"embeddable":true,"href":"https:\/\/www.sislibilgisayarci.com\/index.php?rest_route=\/wp\/v2\/media\/2073"}],"wp:attachment":[{"href":"https:\/\/www.sislibilgisayarci.com\/index.php?rest_route=%2Fwp%2Fv2%2Fmedia&parent=2072"}],"wp:term":[{"taxonomy":"product_cat","embeddable":true,"href":"https:\/\/www.sislibilgisayarci.com\/index.php?rest_route=%2Fwp%2Fv2%2Fproduct_cat&post=2072"},{"taxonomy":"product_tag","embeddable":true,"href":"https:\/\/www.sislibilgisayarci.com\/index.php?rest_route=%2Fwp%2Fv2%2Fproduct_tag&post=2072"}],"curies":[{"name":"wp","href":"https:\/\/api.w.org\/{rel}","templated":true}]}}