{"id":2304,"date":"2020-08-14T11:37:45","date_gmt":"2020-08-14T11:37:45","guid":{"rendered":"https:\/\/www.sislibilgisayarci.com\/?post_type=product&#038;p=2304"},"modified":"2024-09-12T15:53:36","modified_gmt":"2024-09-12T15:53:36","slug":"hp-g6-1195st-sag-mentese","status":"publish","type":"product","link":"https:\/\/www.sislibilgisayarci.com\/?product=hp-g6-1195st-sag-mentese","title":{"rendered":"HP G6-1195ST Sa\u011f Mente\u015fe FBR15014010"},"content":{"rendered":"<p>\u00dcr\u00fcn s\u0131f\u0131rd\u0131r.<\/p>\n<p>Resim temsilidir.<\/p>\n<p>Kargo \u00fccreti m\u00fc\u015fteriye aittir.<\/p>\n","protected":false},"excerpt":{"rendered":"<p>\u00dcr\u00fcn s\u0131f\u0131rd\u0131r. Resim temsilidir. Kargo \u00fccreti m\u00fc\u015fteriye aittir.<\/p>\n","protected":false},"featured_media":2305,"template":"","meta":[],"product_cat":[43],"product_tag":[],"_links":{"self":[{"href":"https:\/\/www.sislibilgisayarci.com\/index.php?rest_route=\/wp\/v2\/product\/2304"}],"collection":[{"href":"https:\/\/www.sislibilgisayarci.com\/index.php?rest_route=\/wp\/v2\/product"}],"about":[{"href":"https:\/\/www.sislibilgisayarci.com\/index.php?rest_route=\/wp\/v2\/types\/product"}],"wp:featuredmedia":[{"embeddable":true,"href":"https:\/\/www.sislibilgisayarci.com\/index.php?rest_route=\/wp\/v2\/media\/2305"}],"wp:attachment":[{"href":"https:\/\/www.sislibilgisayarci.com\/index.php?rest_route=%2Fwp%2Fv2%2Fmedia&parent=2304"}],"wp:term":[{"taxonomy":"product_cat","embeddable":true,"href":"https:\/\/www.sislibilgisayarci.com\/index.php?rest_route=%2Fwp%2Fv2%2Fproduct_cat&post=2304"},{"taxonomy":"product_tag","embeddable":true,"href":"https:\/\/www.sislibilgisayarci.com\/index.php?rest_route=%2Fwp%2Fv2%2Fproduct_tag&post=2304"}],"curies":[{"name":"wp","href":"https:\/\/api.w.org\/{rel}","templated":true}]}}