{"id":2475,"date":"2020-11-19T10:31:20","date_gmt":"2020-11-19T10:31:20","guid":{"rendered":"https:\/\/www.sislibilgisayarci.com\/?post_type=product&#038;p=2475"},"modified":"2024-04-06T09:13:28","modified_gmt":"2024-04-06T09:13:28","slug":"asus-x552l-touchpad-13nb00t1ap1701-siyah","status":"publish","type":"product","link":"https:\/\/www.sislibilgisayarci.com\/?product=asus-x552l-touchpad-13nb00t1ap1701-siyah","title":{"rendered":"Asus X552L Touchpad 13NB00T1AP1701 Siyah"},"content":{"rendered":"<p>\u0130kinci el \u00fcr\u00fcnd\u00fcr.<\/p>\n<p>G\u00f6rsel temsilidir.<\/p>\n<p>Kargo \u00fccreti m\u00fc\u015fteriye aittir.<\/p>\n","protected":false},"excerpt":{"rendered":"<p>\u0130kinci el \u00fcr\u00fcnd\u00fcr. G\u00f6rsel temsilidir. Kargo \u00fccreti m\u00fc\u015fteriye aittir.<\/p>\n","protected":false},"featured_media":2476,"template":"","meta":[],"product_cat":[387],"product_tag":[1740],"_links":{"self":[{"href":"https:\/\/www.sislibilgisayarci.com\/index.php?rest_route=\/wp\/v2\/product\/2475"}],"collection":[{"href":"https:\/\/www.sislibilgisayarci.com\/index.php?rest_route=\/wp\/v2\/product"}],"about":[{"href":"https:\/\/www.sislibilgisayarci.com\/index.php?rest_route=\/wp\/v2\/types\/product"}],"wp:featuredmedia":[{"embeddable":true,"href":"https:\/\/www.sislibilgisayarci.com\/index.php?rest_route=\/wp\/v2\/media\/2476"}],"wp:attachment":[{"href":"https:\/\/www.sislibilgisayarci.com\/index.php?rest_route=%2Fwp%2Fv2%2Fmedia&parent=2475"}],"wp:term":[{"taxonomy":"product_cat","embeddable":true,"href":"https:\/\/www.sislibilgisayarci.com\/index.php?rest_route=%2Fwp%2Fv2%2Fproduct_cat&post=2475"},{"taxonomy":"product_tag","embeddable":true,"href":"https:\/\/www.sislibilgisayarci.com\/index.php?rest_route=%2Fwp%2Fv2%2Fproduct_tag&post=2475"}],"curies":[{"name":"wp","href":"https:\/\/api.w.org\/{rel}","templated":true}]}}