{"id":2488,"date":"2020-11-19T12:08:14","date_gmt":"2020-11-19T12:08:14","guid":{"rendered":"https:\/\/www.sislibilgisayarci.com\/?post_type=product&#038;p=2488"},"modified":"2024-09-07T13:03:17","modified_gmt":"2024-09-07T13:03:17","slug":"asus-x552l-cpu-sogutucu-ve-fan-13n0-q8a0101","status":"publish","type":"product","link":"https:\/\/www.sislibilgisayarci.com\/?product=asus-x552l-cpu-sogutucu-ve-fan-13n0-q8a0101","title":{"rendered":"Asus X552L CPU Fan 13N0-Q8A0101"},"content":{"rendered":"<p>\u0130kinci el \u00fcr\u00fcnd\u00fcr.<\/p>\n<p>G\u00f6rsel temsilidir.<\/p>\n<p>Kargo \u00fccreti m\u00fc\u015fteriye aittir.<\/p>\n<p>Sadece fan g\u00f6nderilecektir.<\/p>\n","protected":false},"excerpt":{"rendered":"<p>\u0130kinci el \u00fcr\u00fcnd\u00fcr. G\u00f6rsel temsilidir. Kargo \u00fccreti m\u00fc\u015fteriye aittir. Sadece fan g\u00f6nderilecektir.<\/p>\n","protected":false},"featured_media":2489,"template":"","meta":[],"product_cat":[30],"product_tag":[1746],"_links":{"self":[{"href":"https:\/\/www.sislibilgisayarci.com\/index.php?rest_route=\/wp\/v2\/product\/2488"}],"collection":[{"href":"https:\/\/www.sislibilgisayarci.com\/index.php?rest_route=\/wp\/v2\/product"}],"about":[{"href":"https:\/\/www.sislibilgisayarci.com\/index.php?rest_route=\/wp\/v2\/types\/product"}],"wp:featuredmedia":[{"embeddable":true,"href":"https:\/\/www.sislibilgisayarci.com\/index.php?rest_route=\/wp\/v2\/media\/2489"}],"wp:attachment":[{"href":"https:\/\/www.sislibilgisayarci.com\/index.php?rest_route=%2Fwp%2Fv2%2Fmedia&parent=2488"}],"wp:term":[{"taxonomy":"product_cat","embeddable":true,"href":"https:\/\/www.sislibilgisayarci.com\/index.php?rest_route=%2Fwp%2Fv2%2Fproduct_cat&post=2488"},{"taxonomy":"product_tag","embeddable":true,"href":"https:\/\/www.sislibilgisayarci.com\/index.php?rest_route=%2Fwp%2Fv2%2Fproduct_tag&post=2488"}],"curies":[{"name":"wp","href":"https:\/\/api.w.org\/{rel}","templated":true}]}}