{"id":2693,"date":"2020-12-23T16:59:36","date_gmt":"2020-12-23T16:59:36","guid":{"rendered":"https:\/\/www.sislibilgisayarci.com\/?post_type=product&#038;p=2693"},"modified":"2024-04-06T09:13:21","modified_gmt":"2024-04-06T09:13:21","slug":"hp-pavilion-dv6-series-hdd-kizagi-fb0t6004010-fb0t6005010","status":"publish","type":"product","link":"https:\/\/www.sislibilgisayarci.com\/?product=hp-pavilion-dv6-series-hdd-kizagi-fb0t6004010-fb0t6005010","title":{"rendered":"HP Pavilion dv6 Series HDD K\u0131za\u011f\u0131 \/ FB0T6004010, FB0T6005010"},"content":{"rendered":"<p>Resim temsilidir.<\/p>\n<p>\u00dcr\u00fcn ikinci eldir.<\/p>\n<p>Kargo m\u00fc\u015fteriye aittir.<\/p>\n<p>&nbsp;<\/p>\n","protected":false},"excerpt":{"rendered":"<p>Resim temsilidir. \u00dcr\u00fcn ikinci eldir. Kargo m\u00fc\u015fteriye aittir. &nbsp;<\/p>\n","protected":false},"featured_media":2695,"template":"","meta":[],"product_cat":[380],"product_tag":[1817,1816],"_links":{"self":[{"href":"https:\/\/www.sislibilgisayarci.com\/index.php?rest_route=\/wp\/v2\/product\/2693"}],"collection":[{"href":"https:\/\/www.sislibilgisayarci.com\/index.php?rest_route=\/wp\/v2\/product"}],"about":[{"href":"https:\/\/www.sislibilgisayarci.com\/index.php?rest_route=\/wp\/v2\/types\/product"}],"wp:featuredmedia":[{"embeddable":true,"href":"https:\/\/www.sislibilgisayarci.com\/index.php?rest_route=\/wp\/v2\/media\/2695"}],"wp:attachment":[{"href":"https:\/\/www.sislibilgisayarci.com\/index.php?rest_route=%2Fwp%2Fv2%2Fmedia&parent=2693"}],"wp:term":[{"taxonomy":"product_cat","embeddable":true,"href":"https:\/\/www.sislibilgisayarci.com\/index.php?rest_route=%2Fwp%2Fv2%2Fproduct_cat&post=2693"},{"taxonomy":"product_tag","embeddable":true,"href":"https:\/\/www.sislibilgisayarci.com\/index.php?rest_route=%2Fwp%2Fv2%2Fproduct_tag&post=2693"}],"curies":[{"name":"wp","href":"https:\/\/api.w.org\/{rel}","templated":true}]}}