{"id":2782,"date":"2021-02-10T09:45:12","date_gmt":"2021-02-10T09:45:12","guid":{"rendered":"https:\/\/www.sislibilgisayarci.com\/?post_type=product&#038;p=2782"},"modified":"2024-04-06T09:13:18","modified_gmt":"2024-04-06T09:13:18","slug":"dell-n5110-34-4ie03-xxx-34-4ie15-xxx-mentese","status":"publish","type":"product","link":"https:\/\/www.sislibilgisayarci.com\/?product=dell-n5110-34-4ie03-xxx-34-4ie15-xxx-mentese","title":{"rendered":"Dell N5110 34.4IE03.XXX 34.4IE15.XXX MENTE\u015eE"},"content":{"rendered":"<p>\u00dcr\u00fcn 2. eldir.<\/p>\n<p>Resim temsilidir.<\/p>\n<p>Kargo \u00fccreti m\u00fc\u015fteriye aittir.<\/p>\n","protected":false},"excerpt":{"rendered":"<p>\u00dcr\u00fcn 2. eldir. Resim temsilidir. Kargo \u00fccreti m\u00fc\u015fteriye aittir.<\/p>\n","protected":false},"featured_media":2783,"template":"","meta":[],"product_cat":[43],"product_tag":[1857],"_links":{"self":[{"href":"https:\/\/www.sislibilgisayarci.com\/index.php?rest_route=\/wp\/v2\/product\/2782"}],"collection":[{"href":"https:\/\/www.sislibilgisayarci.com\/index.php?rest_route=\/wp\/v2\/product"}],"about":[{"href":"https:\/\/www.sislibilgisayarci.com\/index.php?rest_route=\/wp\/v2\/types\/product"}],"wp:featuredmedia":[{"embeddable":true,"href":"https:\/\/www.sislibilgisayarci.com\/index.php?rest_route=\/wp\/v2\/media\/2783"}],"wp:attachment":[{"href":"https:\/\/www.sislibilgisayarci.com\/index.php?rest_route=%2Fwp%2Fv2%2Fmedia&parent=2782"}],"wp:term":[{"taxonomy":"product_cat","embeddable":true,"href":"https:\/\/www.sislibilgisayarci.com\/index.php?rest_route=%2Fwp%2Fv2%2Fproduct_cat&post=2782"},{"taxonomy":"product_tag","embeddable":true,"href":"https:\/\/www.sislibilgisayarci.com\/index.php?rest_route=%2Fwp%2Fv2%2Fproduct_tag&post=2782"}],"curies":[{"name":"wp","href":"https:\/\/api.w.org\/{rel}","templated":true}]}}