{"id":2820,"date":"2021-02-17T13:45:14","date_gmt":"2021-02-17T13:45:14","guid":{"rendered":"https:\/\/www.sislibilgisayarci.com\/?post_type=product&#038;p=2820"},"modified":"2024-04-06T09:13:16","modified_gmt":"2024-04-06T09:13:16","slug":"samsung-np-n150-n150-fan-ba62-00495b","status":"publish","type":"product","link":"https:\/\/www.sislibilgisayarci.com\/?product=samsung-np-n150-n150-fan-ba62-00495b","title":{"rendered":"SAMSUNG NP-N150 N150 FAN BA62-00495B"},"content":{"rendered":"<p>\u00dcr\u00fcn 2. Eldir.<\/p>\n<p>Kargo \u00fccreti m\u00fc\u015fteriye aittir.<\/p>\n<p>G\u00f6rsel temsilidir.<\/p>\n<p>&nbsp;<\/p>\n","protected":false},"excerpt":{"rendered":"<p>\u00dcr\u00fcn 2. Eldir. Kargo \u00fccreti m\u00fc\u015fteriye aittir. G\u00f6rsel temsilidir. &nbsp;<\/p>\n","protected":false},"featured_media":2822,"template":"","meta":[],"product_cat":[30],"product_tag":[1869],"_links":{"self":[{"href":"https:\/\/www.sislibilgisayarci.com\/index.php?rest_route=\/wp\/v2\/product\/2820"}],"collection":[{"href":"https:\/\/www.sislibilgisayarci.com\/index.php?rest_route=\/wp\/v2\/product"}],"about":[{"href":"https:\/\/www.sislibilgisayarci.com\/index.php?rest_route=\/wp\/v2\/types\/product"}],"wp:featuredmedia":[{"embeddable":true,"href":"https:\/\/www.sislibilgisayarci.com\/index.php?rest_route=\/wp\/v2\/media\/2822"}],"wp:attachment":[{"href":"https:\/\/www.sislibilgisayarci.com\/index.php?rest_route=%2Fwp%2Fv2%2Fmedia&parent=2820"}],"wp:term":[{"taxonomy":"product_cat","embeddable":true,"href":"https:\/\/www.sislibilgisayarci.com\/index.php?rest_route=%2Fwp%2Fv2%2Fproduct_cat&post=2820"},{"taxonomy":"product_tag","embeddable":true,"href":"https:\/\/www.sislibilgisayarci.com\/index.php?rest_route=%2Fwp%2Fv2%2Fproduct_tag&post=2820"}],"curies":[{"name":"wp","href":"https:\/\/api.w.org\/{rel}","templated":true}]}}