{"id":2959,"date":"2021-03-27T09:18:02","date_gmt":"2021-03-27T09:18:02","guid":{"rendered":"https:\/\/www.sislibilgisayarci.com\/?post_type=product&#038;p=2959"},"modified":"2024-04-06T09:13:10","modified_gmt":"2024-04-06T09:13:10","slug":"hp-15-bs000-uyumlu-lcd-mentese-sag-r","status":"publish","type":"product","link":"https:\/\/www.sislibilgisayarci.com\/?product=hp-15-bs000-uyumlu-lcd-mentese-sag-r","title":{"rendered":"Hp 15-bs000 Uyumlu Lcd Mente\u015fe Sa\u011f (R)"},"content":{"rendered":"<table class=\"table\" style=\"height: 108px;\" border=\"1\" width=\"927\">\n<tbody>\n<tr>\n<td>Kullan\u0131ld\u0131\u011f\u0131 Lcd<\/td>\n<td>15.6&#8243; widescreen<\/td>\n<\/tr>\n<tr>\n<td>Notlar<\/td>\n<td>Sa\u011f mente\u015fe<br \/>\nT\u00fcmle\u015fik lcd tutucular (brackets)<\/td>\n<\/tr>\n<\/tbody>\n<\/table>\n","protected":false},"excerpt":{"rendered":"<p>Kullan\u0131ld\u0131\u011f\u0131 Lcd 15.6&#8243; widescreen Notlar Sa\u011f mente\u015fe T\u00fcmle\u015fik lcd tutucular (brackets)<\/p>\n","protected":false},"featured_media":2960,"template":"","meta":[],"product_cat":[43],"product_tag":[],"_links":{"self":[{"href":"https:\/\/www.sislibilgisayarci.com\/index.php?rest_route=\/wp\/v2\/product\/2959"}],"collection":[{"href":"https:\/\/www.sislibilgisayarci.com\/index.php?rest_route=\/wp\/v2\/product"}],"about":[{"href":"https:\/\/www.sislibilgisayarci.com\/index.php?rest_route=\/wp\/v2\/types\/product"}],"wp:featuredmedia":[{"embeddable":true,"href":"https:\/\/www.sislibilgisayarci.com\/index.php?rest_route=\/wp\/v2\/media\/2960"}],"wp:attachment":[{"href":"https:\/\/www.sislibilgisayarci.com\/index.php?rest_route=%2Fwp%2Fv2%2Fmedia&parent=2959"}],"wp:term":[{"taxonomy":"product_cat","embeddable":true,"href":"https:\/\/www.sislibilgisayarci.com\/index.php?rest_route=%2Fwp%2Fv2%2Fproduct_cat&post=2959"},{"taxonomy":"product_tag","embeddable":true,"href":"https:\/\/www.sislibilgisayarci.com\/index.php?rest_route=%2Fwp%2Fv2%2Fproduct_tag&post=2959"}],"curies":[{"name":"wp","href":"https:\/\/api.w.org\/{rel}","templated":true}]}}