{"id":3010,"date":"2021-04-15T15:57:31","date_gmt":"2021-04-15T15:57:31","guid":{"rendered":"https:\/\/www.sislibilgisayarci.com\/?post_type=product&#038;p=3010"},"modified":"2024-04-06T09:13:08","modified_gmt":"2024-04-06T09:13:08","slug":"15-pin-d-sub-to-in1-s-video-in2-rca-video-in3-rca-video-out-s-video-out-rca-video","status":"publish","type":"product","link":"https:\/\/www.sislibilgisayarci.com\/?product=15-pin-d-sub-to-in1-s-video-in2-rca-video-in3-rca-video-out-s-video-out-rca-video","title":{"rendered":"15 pin d-sub to In1 S-video + In2 RCA Video + In3 RCA Video + Out S-Video + Out RCA Video"},"content":{"rendered":"<p>Kargo \u00fccreti al\u0131c\u0131ya aittir.<\/p>\n<p>&nbsp;<\/p>\n","protected":false},"excerpt":{"rendered":"<p>Kargo \u00fccreti al\u0131c\u0131ya aittir. &nbsp;<\/p>\n","protected":false},"featured_media":0,"template":"","meta":[],"product_cat":[1920],"product_tag":[],"_links":{"self":[{"href":"https:\/\/www.sislibilgisayarci.com\/index.php?rest_route=\/wp\/v2\/product\/3010"}],"collection":[{"href":"https:\/\/www.sislibilgisayarci.com\/index.php?rest_route=\/wp\/v2\/product"}],"about":[{"href":"https:\/\/www.sislibilgisayarci.com\/index.php?rest_route=\/wp\/v2\/types\/product"}],"wp:attachment":[{"href":"https:\/\/www.sislibilgisayarci.com\/index.php?rest_route=%2Fwp%2Fv2%2Fmedia&parent=3010"}],"wp:term":[{"taxonomy":"product_cat","embeddable":true,"href":"https:\/\/www.sislibilgisayarci.com\/index.php?rest_route=%2Fwp%2Fv2%2Fproduct_cat&post=3010"},{"taxonomy":"product_tag","embeddable":true,"href":"https:\/\/www.sislibilgisayarci.com\/index.php?rest_route=%2Fwp%2Fv2%2Fproduct_tag&post=3010"}],"curies":[{"name":"wp","href":"https:\/\/api.w.org\/{rel}","templated":true}]}}