{"id":3138,"date":"2021-11-01T16:10:53","date_gmt":"2021-11-01T16:10:53","guid":{"rendered":"https:\/\/www.sislibilgisayarci.com\/?post_type=product&#038;p=3138"},"modified":"2024-04-06T09:13:02","modified_gmt":"2024-04-06T09:13:02","slug":"acer-3820t3820tgmentese34-4hl-09-00134-4hl-10-001-hinges","status":"publish","type":"product","link":"https:\/\/www.sislibilgisayarci.com\/?product=acer-3820t3820tgmentese34-4hl-09-00134-4hl-10-001-hinges","title":{"rendered":"acer 3820t,3820tg,mente\u015fe,34.4HL 09.001,34.4HL 10.001 hinges sa\u011f ve sol"},"content":{"rendered":"<p>\u00dcr\u00fcn 2. eldir.<\/p>\n<p>Resim temsilidir.<\/p>\n<p>Kargo \u00fccreti m\u00fc\u015fteriye aittir.<\/p>\n","protected":false},"excerpt":{"rendered":"<p>\u00dcr\u00fcn 2. eldir. Resim temsilidir. Kargo \u00fccreti m\u00fc\u015fteriye aittir.<\/p>\n","protected":false},"featured_media":3139,"template":"","meta":[],"product_cat":[43],"product_tag":[1963,1964,1953,1955,44],"_links":{"self":[{"href":"https:\/\/www.sislibilgisayarci.com\/index.php?rest_route=\/wp\/v2\/product\/3138"}],"collection":[{"href":"https:\/\/www.sislibilgisayarci.com\/index.php?rest_route=\/wp\/v2\/product"}],"about":[{"href":"https:\/\/www.sislibilgisayarci.com\/index.php?rest_route=\/wp\/v2\/types\/product"}],"wp:featuredmedia":[{"embeddable":true,"href":"https:\/\/www.sislibilgisayarci.com\/index.php?rest_route=\/wp\/v2\/media\/3139"}],"wp:attachment":[{"href":"https:\/\/www.sislibilgisayarci.com\/index.php?rest_route=%2Fwp%2Fv2%2Fmedia&parent=3138"}],"wp:term":[{"taxonomy":"product_cat","embeddable":true,"href":"https:\/\/www.sislibilgisayarci.com\/index.php?rest_route=%2Fwp%2Fv2%2Fproduct_cat&post=3138"},{"taxonomy":"product_tag","embeddable":true,"href":"https:\/\/www.sislibilgisayarci.com\/index.php?rest_route=%2Fwp%2Fv2%2Fproduct_tag&post=3138"}],"curies":[{"name":"wp","href":"https:\/\/api.w.org\/{rel}","templated":true}]}}