{"id":3150,"date":"2021-11-03T12:49:52","date_gmt":"2021-11-03T12:49:52","guid":{"rendered":"https:\/\/www.sislibilgisayarci.com\/?post_type=product&#038;p=3150"},"modified":"2024-04-06T09:13:01","modified_gmt":"2024-04-06T09:13:01","slug":"acer-3820t-3820tg-cnf9157_a1-1038-ap-hf-acer-aspire-5742-model-notebook-kamera","status":"publish","type":"product","link":"https:\/\/www.sislibilgisayarci.com\/?product=acer-3820t-3820tg-cnf9157_a1-1038-ap-hf-acer-aspire-5742-model-notebook-kamera","title":{"rendered":"ACER 3820T 3820TG  CNF9157_A1, 1038-AP-HF ACER ASP\u0130RE 5742 MODEL NOTEBOOK KAMERA"},"content":{"rendered":"<p>\u00dcr\u00fcn 2. eldir.<\/p>\n<p>Resim temsilidir.<\/p>\n<p>Kargo \u00fccreti m\u00fc\u015fteriye aittir.<\/p>\n","protected":false},"excerpt":{"rendered":"<p>\u00dcr\u00fcn 2. eldir. Resim temsilidir. Kargo \u00fccreti m\u00fc\u015fteriye aittir.<\/p>\n","protected":false},"featured_media":3151,"template":"","meta":[],"product_cat":[397],"product_tag":[1970,1969],"_links":{"self":[{"href":"https:\/\/www.sislibilgisayarci.com\/index.php?rest_route=\/wp\/v2\/product\/3150"}],"collection":[{"href":"https:\/\/www.sislibilgisayarci.com\/index.php?rest_route=\/wp\/v2\/product"}],"about":[{"href":"https:\/\/www.sislibilgisayarci.com\/index.php?rest_route=\/wp\/v2\/types\/product"}],"wp:featuredmedia":[{"embeddable":true,"href":"https:\/\/www.sislibilgisayarci.com\/index.php?rest_route=\/wp\/v2\/media\/3151"}],"wp:attachment":[{"href":"https:\/\/www.sislibilgisayarci.com\/index.php?rest_route=%2Fwp%2Fv2%2Fmedia&parent=3150"}],"wp:term":[{"taxonomy":"product_cat","embeddable":true,"href":"https:\/\/www.sislibilgisayarci.com\/index.php?rest_route=%2Fwp%2Fv2%2Fproduct_cat&post=3150"},{"taxonomy":"product_tag","embeddable":true,"href":"https:\/\/www.sislibilgisayarci.com\/index.php?rest_route=%2Fwp%2Fv2%2Fproduct_tag&post=3150"}],"curies":[{"name":"wp","href":"https:\/\/api.w.org\/{rel}","templated":true}]}}