{"id":3246,"date":"2023-01-19T11:51:03","date_gmt":"2023-01-19T11:51:03","guid":{"rendered":"https:\/\/www.sislibilgisayarci.com\/?post_type=product&#038;p=3246"},"modified":"2024-04-06T09:12:58","modified_gmt":"2024-04-06T09:12:58","slug":"sony-vaio-pcg-6s2l-bios-batary-bios-pili","status":"publish","type":"product","link":"https:\/\/www.sislibilgisayarci.com\/?product=sony-vaio-pcg-6s2l-bios-batary-bios-pili","title":{"rendered":"Sony Vaio PCG-6S2L Bios Batary Bios Pili"},"content":{"rendered":"<p>\u00dcr\u00fcn ikinci eldir.<\/p>\n<div>G\u00d6RSEL TEMS\u0130L\u0130D\u0130R.<\/div>\n<div><\/div>\n<p>Kargo \u00fccreti m\u00fc\u015fteriye aittir.<\/p>\n<p>&nbsp;<\/p>\n","protected":false},"excerpt":{"rendered":"<p>\u00dcr\u00fcn ikinci eldir. G\u00d6RSEL TEMS\u0130L\u0130D\u0130R. Kargo \u00fccreti m\u00fc\u015fteriye aittir. &nbsp;<\/p>\n","protected":false},"featured_media":3247,"template":"","meta":[],"product_cat":[334],"product_tag":[1995],"_links":{"self":[{"href":"https:\/\/www.sislibilgisayarci.com\/index.php?rest_route=\/wp\/v2\/product\/3246"}],"collection":[{"href":"https:\/\/www.sislibilgisayarci.com\/index.php?rest_route=\/wp\/v2\/product"}],"about":[{"href":"https:\/\/www.sislibilgisayarci.com\/index.php?rest_route=\/wp\/v2\/types\/product"}],"wp:featuredmedia":[{"embeddable":true,"href":"https:\/\/www.sislibilgisayarci.com\/index.php?rest_route=\/wp\/v2\/media\/3247"}],"wp:attachment":[{"href":"https:\/\/www.sislibilgisayarci.com\/index.php?rest_route=%2Fwp%2Fv2%2Fmedia&parent=3246"}],"wp:term":[{"taxonomy":"product_cat","embeddable":true,"href":"https:\/\/www.sislibilgisayarci.com\/index.php?rest_route=%2Fwp%2Fv2%2Fproduct_cat&post=3246"},{"taxonomy":"product_tag","embeddable":true,"href":"https:\/\/www.sislibilgisayarci.com\/index.php?rest_route=%2Fwp%2Fv2%2Fproduct_tag&post=3246"}],"curies":[{"name":"wp","href":"https:\/\/api.w.org\/{rel}","templated":true}]}}