{"id":3300,"date":"2023-04-06T16:56:27","date_gmt":"2023-04-06T16:56:27","guid":{"rendered":"https:\/\/www.sislibilgisayarci.com\/?post_type=product&#038;p=3300"},"modified":"2024-04-06T09:12:54","modified_gmt":"2024-04-06T09:12:54","slug":"9j-n7482-e0t-orjinal-toshiba-satellite-pro-u400","status":"publish","type":"product","link":"https:\/\/www.sislibilgisayarci.com\/?product=9j-n7482-e0t-orjinal-toshiba-satellite-pro-u400","title":{"rendered":"9J.N7482.E0T Orjinal Toshiba Satellite Pro U400"},"content":{"rendered":"<p>\u00dcr\u00fcn 2. eldir.<\/p>\n<p>Kargo \u00fccreti m\u00fc\u015fteriye aittir<\/p>\n<p>Resim temsilidir.<\/p>\n","protected":false},"excerpt":{"rendered":"<p>\u00dcr\u00fcn 2. eldir. Kargo \u00fccreti m\u00fc\u015fteriye aittir Resim temsilidir.<\/p>\n","protected":false},"featured_media":3301,"template":"","meta":[],"product_cat":[48],"product_tag":[2003],"_links":{"self":[{"href":"https:\/\/www.sislibilgisayarci.com\/index.php?rest_route=\/wp\/v2\/product\/3300"}],"collection":[{"href":"https:\/\/www.sislibilgisayarci.com\/index.php?rest_route=\/wp\/v2\/product"}],"about":[{"href":"https:\/\/www.sislibilgisayarci.com\/index.php?rest_route=\/wp\/v2\/types\/product"}],"wp:featuredmedia":[{"embeddable":true,"href":"https:\/\/www.sislibilgisayarci.com\/index.php?rest_route=\/wp\/v2\/media\/3301"}],"wp:attachment":[{"href":"https:\/\/www.sislibilgisayarci.com\/index.php?rest_route=%2Fwp%2Fv2%2Fmedia&parent=3300"}],"wp:term":[{"taxonomy":"product_cat","embeddable":true,"href":"https:\/\/www.sislibilgisayarci.com\/index.php?rest_route=%2Fwp%2Fv2%2Fproduct_cat&post=3300"},{"taxonomy":"product_tag","embeddable":true,"href":"https:\/\/www.sislibilgisayarci.com\/index.php?rest_route=%2Fwp%2Fv2%2Fproduct_tag&post=3300"}],"curies":[{"name":"wp","href":"https:\/\/api.w.org\/{rel}","templated":true}]}}