{"id":3343,"date":"2023-10-31T16:21:24","date_gmt":"2023-10-31T16:21:24","guid":{"rendered":"https:\/\/www.sislibilgisayarci.com\/?post_type=product&#038;p=3343"},"modified":"2024-04-06T09:12:53","modified_gmt":"2024-04-06T09:12:53","slug":"asus-x52s-x52sa-x52sg-x52sr-klavye-mp-06916tq-5282","status":"publish","type":"product","link":"https:\/\/www.sislibilgisayarci.com\/?product=asus-x52s-x52sa-x52sg-x52sr-klavye-mp-06916tq-5282","title":{"rendered":"Asus X52S, X52Sa, X52Sg, X52Sr Klavye MP-06916TQ-5282"},"content":{"rendered":"<p>\u00dcr\u00fcn ikinci eldir.<\/p>\n<p>Kargo \u00fccreti m\u00fc\u015fteriye aittir.<\/p>\n<p>G\u00f6rsel Temsilidir.<\/p>\n","protected":false},"excerpt":{"rendered":"<p>\u00dcr\u00fcn ikinci eldir. Kargo \u00fccreti m\u00fc\u015fteriye aittir. G\u00f6rsel Temsilidir.<\/p>\n","protected":false},"featured_media":3344,"template":"","meta":[],"product_cat":[48],"product_tag":[2017,2018,2019,2020],"_links":{"self":[{"href":"https:\/\/www.sislibilgisayarci.com\/index.php?rest_route=\/wp\/v2\/product\/3343"}],"collection":[{"href":"https:\/\/www.sislibilgisayarci.com\/index.php?rest_route=\/wp\/v2\/product"}],"about":[{"href":"https:\/\/www.sislibilgisayarci.com\/index.php?rest_route=\/wp\/v2\/types\/product"}],"wp:featuredmedia":[{"embeddable":true,"href":"https:\/\/www.sislibilgisayarci.com\/index.php?rest_route=\/wp\/v2\/media\/3344"}],"wp:attachment":[{"href":"https:\/\/www.sislibilgisayarci.com\/index.php?rest_route=%2Fwp%2Fv2%2Fmedia&parent=3343"}],"wp:term":[{"taxonomy":"product_cat","embeddable":true,"href":"https:\/\/www.sislibilgisayarci.com\/index.php?rest_route=%2Fwp%2Fv2%2Fproduct_cat&post=3343"},{"taxonomy":"product_tag","embeddable":true,"href":"https:\/\/www.sislibilgisayarci.com\/index.php?rest_route=%2Fwp%2Fv2%2Fproduct_tag&post=3343"}],"curies":[{"name":"wp","href":"https:\/\/api.w.org\/{rel}","templated":true}]}}