{"id":3421,"date":"2024-04-06T10:11:55","date_gmt":"2024-04-06T10:11:55","guid":{"rendered":"https:\/\/www.sislibilgisayarci.com\/?post_type=product&#038;p=3421"},"modified":"2024-09-26T08:40:02","modified_gmt":"2024-09-26T08:40:02","slug":"lenovo-orijinal-ideapad-510-510-15isk-notebook-batarya","status":"publish","type":"product","link":"https:\/\/www.sislibilgisayarci.com\/?product=lenovo-orijinal-ideapad-510-510-15isk-notebook-batarya","title":{"rendered":"Lenovo Orijinal ideapad 510 510-15ISK Notebook Batarya"},"content":{"rendered":"<p>\u00dcr\u00fcn ikinci eldir.<\/p>\n<p>Sorunsuzdur.<\/p>\n<p>Batarya 15-20 dk kadar gidiyor.<\/p>\n<p>Kargo \u00fccreti m\u00fc\u015fteriye aittir.<\/p>\n<p>&nbsp;<\/p>\n<p>Resim temsilidir.<\/p>\n","protected":false},"excerpt":{"rendered":"<p>\u00dcr\u00fcn ikinci eldir. Sorunsuzdur. Batarya 15-20 dk kadar gidiyor. Kargo \u00fccreti m\u00fc\u015fteriye aittir. &nbsp; Resim temsilidir.<\/p>\n","protected":false},"featured_media":3422,"template":"","meta":[],"product_cat":[29],"product_tag":[],"_links":{"self":[{"href":"https:\/\/www.sislibilgisayarci.com\/index.php?rest_route=\/wp\/v2\/product\/3421"}],"collection":[{"href":"https:\/\/www.sislibilgisayarci.com\/index.php?rest_route=\/wp\/v2\/product"}],"about":[{"href":"https:\/\/www.sislibilgisayarci.com\/index.php?rest_route=\/wp\/v2\/types\/product"}],"wp:featuredmedia":[{"embeddable":true,"href":"https:\/\/www.sislibilgisayarci.com\/index.php?rest_route=\/wp\/v2\/media\/3422"}],"wp:attachment":[{"href":"https:\/\/www.sislibilgisayarci.com\/index.php?rest_route=%2Fwp%2Fv2%2Fmedia&parent=3421"}],"wp:term":[{"taxonomy":"product_cat","embeddable":true,"href":"https:\/\/www.sislibilgisayarci.com\/index.php?rest_route=%2Fwp%2Fv2%2Fproduct_cat&post=3421"},{"taxonomy":"product_tag","embeddable":true,"href":"https:\/\/www.sislibilgisayarci.com\/index.php?rest_route=%2Fwp%2Fv2%2Fproduct_tag&post=3421"}],"curies":[{"name":"wp","href":"https:\/\/api.w.org\/{rel}","templated":true}]}}