{"id":3429,"date":"2024-04-06T10:42:23","date_gmt":"2024-04-06T10:42:23","guid":{"rendered":"https:\/\/www.sislibilgisayarci.com\/?post_type=product&#038;p=3429"},"modified":"2024-04-06T10:45:57","modified_gmt":"2024-04-06T10:45:57","slug":"lenovo-orijinal-ideapad-510-510-15isk-dvd-rw-optik-okuyucu","status":"publish","type":"product","link":"https:\/\/www.sislibilgisayarci.com\/?product=lenovo-orijinal-ideapad-510-510-15isk-dvd-rw-optik-okuyucu","title":{"rendered":"Lenovo Orijinal ideapad 510 510-15ISK  DVD -RW Optik Okuyucu"},"content":{"rendered":"<p>\u00dcr\u00fcn ikinci eldir.<\/p>\n<p>Sorunsuzdur.<\/p>\n<p>Kargo \u00fccreti m\u00fc\u015fteriye aittir.<\/p>\n<p>&nbsp;<\/p>\n<p>Resim temsilidir.<\/p>\n","protected":false},"excerpt":{"rendered":"<p>\u00dcr\u00fcn ikinci eldir. Sorunsuzdur. Kargo \u00fccreti m\u00fc\u015fteriye aittir. &nbsp; Resim temsilidir.<\/p>\n","protected":false},"featured_media":3430,"template":"","meta":[],"product_cat":[626],"product_tag":[2084],"_links":{"self":[{"href":"https:\/\/www.sislibilgisayarci.com\/index.php?rest_route=\/wp\/v2\/product\/3429"}],"collection":[{"href":"https:\/\/www.sislibilgisayarci.com\/index.php?rest_route=\/wp\/v2\/product"}],"about":[{"href":"https:\/\/www.sislibilgisayarci.com\/index.php?rest_route=\/wp\/v2\/types\/product"}],"wp:featuredmedia":[{"embeddable":true,"href":"https:\/\/www.sislibilgisayarci.com\/index.php?rest_route=\/wp\/v2\/media\/3430"}],"wp:attachment":[{"href":"https:\/\/www.sislibilgisayarci.com\/index.php?rest_route=%2Fwp%2Fv2%2Fmedia&parent=3429"}],"wp:term":[{"taxonomy":"product_cat","embeddable":true,"href":"https:\/\/www.sislibilgisayarci.com\/index.php?rest_route=%2Fwp%2Fv2%2Fproduct_cat&post=3429"},{"taxonomy":"product_tag","embeddable":true,"href":"https:\/\/www.sislibilgisayarci.com\/index.php?rest_route=%2Fwp%2Fv2%2Fproduct_tag&post=3429"}],"curies":[{"name":"wp","href":"https:\/\/api.w.org\/{rel}","templated":true}]}}