{"id":3595,"date":"2025-12-30T09:41:33","date_gmt":"2025-12-30T09:41:33","guid":{"rendered":"https:\/\/www.sislibilgisayarci.com\/?post_type=product&#038;p=3595"},"modified":"2025-12-30T09:43:30","modified_gmt":"2025-12-30T09:43:30","slug":"hp-probook-4510s-4515s-mentese-takimi-hinge-set-6055b0000601","status":"publish","type":"product","link":"https:\/\/www.sislibilgisayarci.com\/?product=hp-probook-4510s-4515s-mentese-takimi-hinge-set-6055b0000601","title":{"rendered":"HP Probook 4510S 4515S Mente\u015fe Tak\u0131m\u0131 Hinge Set 6055B0000601"},"content":{"rendered":"<p>\u00dcr\u00fcn ikinci eldir..<\/p>\n<p>Kargo \u00fccreti al\u0131c\u0131ya aittir.<\/p>\n","protected":false},"excerpt":{"rendered":"<p>\u00dcr\u00fcn ikinci eldir.. Kargo \u00fccreti al\u0131c\u0131ya aittir.<\/p>\n","protected":false},"featured_media":3596,"template":"","meta":[],"product_cat":[43],"product_tag":[],"_links":{"self":[{"href":"https:\/\/www.sislibilgisayarci.com\/index.php?rest_route=\/wp\/v2\/product\/3595"}],"collection":[{"href":"https:\/\/www.sislibilgisayarci.com\/index.php?rest_route=\/wp\/v2\/product"}],"about":[{"href":"https:\/\/www.sislibilgisayarci.com\/index.php?rest_route=\/wp\/v2\/types\/product"}],"wp:featuredmedia":[{"embeddable":true,"href":"https:\/\/www.sislibilgisayarci.com\/index.php?rest_route=\/wp\/v2\/media\/3596"}],"wp:attachment":[{"href":"https:\/\/www.sislibilgisayarci.com\/index.php?rest_route=%2Fwp%2Fv2%2Fmedia&parent=3595"}],"wp:term":[{"taxonomy":"product_cat","embeddable":true,"href":"https:\/\/www.sislibilgisayarci.com\/index.php?rest_route=%2Fwp%2Fv2%2Fproduct_cat&post=3595"},{"taxonomy":"product_tag","embeddable":true,"href":"https:\/\/www.sislibilgisayarci.com\/index.php?rest_route=%2Fwp%2Fv2%2Fproduct_tag&post=3595"}],"curies":[{"name":"wp","href":"https:\/\/api.w.org\/{rel}","templated":true}]}}