{"id":522,"date":"2017-02-08T12:39:08","date_gmt":"2017-02-08T12:39:08","guid":{"rendered":"https:\/\/www.sislibilgisayarci.com\/?product=samsung-np-x120-wifi-wireless-card-da104328-ath-ar5b95"},"modified":"2024-04-06T09:14:40","modified_gmt":"2024-04-06T09:14:40","slug":"samsung-np-x120-wifi-wireless-card-da104328-ath-ar5b95","status":"publish","type":"product","link":"https:\/\/www.sislibilgisayarci.com\/?product=samsung-np-x120-wifi-wireless-card-da104328-ath-ar5b95","title":{"rendered":"SAMSUNG NP-X120 WIFI WIRELESS CARD DA104328, ath-ar5b95"},"content":{"rendered":"<p>\u00dcr\u00fcn 2. eldir.<\/p>\n<p>Kargo \u00fccreti\u00a0al\u0131c\u0131ya aittir.<\/p>\n<p>&nbsp;<\/p>\n<p>&nbsp;<\/p>\n","protected":false},"excerpt":{"rendered":"<p>\u00dcr\u00fcn 2. eldir. Kargo \u00fccreti\u00a0al\u0131c\u0131ya aittir. &nbsp; &nbsp;<\/p>\n","protected":false},"featured_media":520,"template":"","meta":[],"product_cat":[355],"product_tag":[470,38,468,467,128,469,356,114],"_links":{"self":[{"href":"https:\/\/www.sislibilgisayarci.com\/index.php?rest_route=\/wp\/v2\/product\/522"}],"collection":[{"href":"https:\/\/www.sislibilgisayarci.com\/index.php?rest_route=\/wp\/v2\/product"}],"about":[{"href":"https:\/\/www.sislibilgisayarci.com\/index.php?rest_route=\/wp\/v2\/types\/product"}],"wp:featuredmedia":[{"embeddable":true,"href":"https:\/\/www.sislibilgisayarci.com\/index.php?rest_route=\/wp\/v2\/media\/520"}],"wp:attachment":[{"href":"https:\/\/www.sislibilgisayarci.com\/index.php?rest_route=%2Fwp%2Fv2%2Fmedia&parent=522"}],"wp:term":[{"taxonomy":"product_cat","embeddable":true,"href":"https:\/\/www.sislibilgisayarci.com\/index.php?rest_route=%2Fwp%2Fv2%2Fproduct_cat&post=522"},{"taxonomy":"product_tag","embeddable":true,"href":"https:\/\/www.sislibilgisayarci.com\/index.php?rest_route=%2Fwp%2Fv2%2Fproduct_tag&post=522"}],"curies":[{"name":"wp","href":"https:\/\/api.w.org\/{rel}","templated":true}]}}