{"id":523,"date":"2017-02-08T12:48:09","date_gmt":"2017-02-08T12:48:09","guid":{"rendered":"https:\/\/www.sislibilgisayarci.com\/?product=asus-f3s-f3j-x71a-x71s-x71sl-touchpad-tm61pdk9g500-notebook"},"modified":"2024-04-06T09:14:40","modified_gmt":"2024-04-06T09:14:40","slug":"asus-f3s-f3j-x71a-x71s-x71sl-touchpad-tm61pdk9g500-notebook","status":"publish","type":"product","link":"https:\/\/www.sislibilgisayarci.com\/?product=asus-f3s-f3j-x71a-x71s-x71sl-touchpad-tm61pdk9g500-notebook","title":{"rendered":"Asus F3S F3J X71A X71S X71SL Touchpad TM61PDK9G500 Notebook"},"content":{"rendered":"<p>\u00dcr\u00fcn 2. eldir.<\/p>\n<p>Kargo \u00fccreti\u00a0al\u0131c\u0131ya aittir.<\/p>\n<p>&nbsp;<\/p>\n<p>&nbsp;<\/p>\n","protected":false},"excerpt":{"rendered":"<p>\u00dcr\u00fcn 2. eldir. Kargo \u00fccreti\u00a0al\u0131c\u0131ya aittir. &nbsp; &nbsp;<\/p>\n","protected":false},"featured_media":524,"template":"","meta":[],"product_cat":[387],"product_tag":[471,473,472,478,477,388,474,475,476],"_links":{"self":[{"href":"https:\/\/www.sislibilgisayarci.com\/index.php?rest_route=\/wp\/v2\/product\/523"}],"collection":[{"href":"https:\/\/www.sislibilgisayarci.com\/index.php?rest_route=\/wp\/v2\/product"}],"about":[{"href":"https:\/\/www.sislibilgisayarci.com\/index.php?rest_route=\/wp\/v2\/types\/product"}],"wp:featuredmedia":[{"embeddable":true,"href":"https:\/\/www.sislibilgisayarci.com\/index.php?rest_route=\/wp\/v2\/media\/524"}],"wp:attachment":[{"href":"https:\/\/www.sislibilgisayarci.com\/index.php?rest_route=%2Fwp%2Fv2%2Fmedia&parent=523"}],"wp:term":[{"taxonomy":"product_cat","embeddable":true,"href":"https:\/\/www.sislibilgisayarci.com\/index.php?rest_route=%2Fwp%2Fv2%2Fproduct_cat&post=523"},{"taxonomy":"product_tag","embeddable":true,"href":"https:\/\/www.sislibilgisayarci.com\/index.php?rest_route=%2Fwp%2Fv2%2Fproduct_tag&post=523"}],"curies":[{"name":"wp","href":"https:\/\/api.w.org\/{rel}","templated":true}]}}