{"id":526,"date":"2017-02-08T12:58:33","date_gmt":"2017-02-08T12:58:33","guid":{"rendered":"https:\/\/www.sislibilgisayarci.com\/?product=asus-f3s-sim-card-board-npksi1000-c11"},"modified":"2024-04-06T09:14:40","modified_gmt":"2024-04-06T09:14:40","slug":"asus-f3s-sim-card-board-npksi1000-c11","status":"publish","type":"product","link":"https:\/\/www.sislibilgisayarci.com\/?product=asus-f3s-sim-card-board-npksi1000-c11","title":{"rendered":"ASUS, F3S SIM CARD BOARD NPKSI1000-C11"},"content":{"rendered":"<p>\u00dcr\u00fcn 2. eldir.<\/p>\n<p>Kargo \u00fccreti\u00a0al\u0131c\u0131ya aittir.<\/p>\n<p>2 ad. mevcut<\/p>\n<p>&nbsp;<\/p>\n","protected":false},"excerpt":{"rendered":"<p>\u00dcr\u00fcn 2. eldir. Kargo \u00fccreti\u00a0al\u0131c\u0131ya aittir. 2 ad. mevcut &nbsp;<\/p>\n","protected":false},"featured_media":527,"template":"","meta":[],"product_cat":[36],"product_tag":[471,59,38,472,480,479],"_links":{"self":[{"href":"https:\/\/www.sislibilgisayarci.com\/index.php?rest_route=\/wp\/v2\/product\/526"}],"collection":[{"href":"https:\/\/www.sislibilgisayarci.com\/index.php?rest_route=\/wp\/v2\/product"}],"about":[{"href":"https:\/\/www.sislibilgisayarci.com\/index.php?rest_route=\/wp\/v2\/types\/product"}],"wp:featuredmedia":[{"embeddable":true,"href":"https:\/\/www.sislibilgisayarci.com\/index.php?rest_route=\/wp\/v2\/media\/527"}],"wp:attachment":[{"href":"https:\/\/www.sislibilgisayarci.com\/index.php?rest_route=%2Fwp%2Fv2%2Fmedia&parent=526"}],"wp:term":[{"taxonomy":"product_cat","embeddable":true,"href":"https:\/\/www.sislibilgisayarci.com\/index.php?rest_route=%2Fwp%2Fv2%2Fproduct_cat&post=526"},{"taxonomy":"product_tag","embeddable":true,"href":"https:\/\/www.sislibilgisayarci.com\/index.php?rest_route=%2Fwp%2Fv2%2Fproduct_tag&post=526"}],"curies":[{"name":"wp","href":"https:\/\/api.w.org\/{rel}","templated":true}]}}