{"id":532,"date":"2017-02-08T13:14:14","date_gmt":"2017-02-08T13:14:14","guid":{"rendered":"https:\/\/www.sislibilgisayarci.com\/?product=lenovo-g570-series-led-board-wcable-ls-6754p"},"modified":"2024-04-06T09:14:39","modified_gmt":"2024-04-06T09:14:39","slug":"lenovo-g570-series-led-board-wcable-ls-6754p","status":"publish","type":"product","link":"https:\/\/www.sislibilgisayarci.com\/?product=lenovo-g570-series-led-board-wcable-ls-6754p","title":{"rendered":"Lenovo G570 Series LED Board W\/Cable LS-6754P"},"content":{"rendered":"<p>\u00dcr\u00fcn 2. eldir.<\/p>\n<p>Kargo \u00fccreti\u00a0al\u0131c\u0131ya aittir.<\/p>\n<p>&nbsp;<\/p>\n<p>&nbsp;<\/p>\n","protected":false},"excerpt":{"rendered":"<p>\u00dcr\u00fcn 2. eldir. Kargo \u00fccreti\u00a0al\u0131c\u0131ya aittir. &nbsp; &nbsp;<\/p>\n","protected":false},"featured_media":533,"template":"","meta":[],"product_cat":[36],"product_tag":[59,255,58,70,493,491,492],"_links":{"self":[{"href":"https:\/\/www.sislibilgisayarci.com\/index.php?rest_route=\/wp\/v2\/product\/532"}],"collection":[{"href":"https:\/\/www.sislibilgisayarci.com\/index.php?rest_route=\/wp\/v2\/product"}],"about":[{"href":"https:\/\/www.sislibilgisayarci.com\/index.php?rest_route=\/wp\/v2\/types\/product"}],"wp:featuredmedia":[{"embeddable":true,"href":"https:\/\/www.sislibilgisayarci.com\/index.php?rest_route=\/wp\/v2\/media\/533"}],"wp:attachment":[{"href":"https:\/\/www.sislibilgisayarci.com\/index.php?rest_route=%2Fwp%2Fv2%2Fmedia&parent=532"}],"wp:term":[{"taxonomy":"product_cat","embeddable":true,"href":"https:\/\/www.sislibilgisayarci.com\/index.php?rest_route=%2Fwp%2Fv2%2Fproduct_cat&post=532"},{"taxonomy":"product_tag","embeddable":true,"href":"https:\/\/www.sislibilgisayarci.com\/index.php?rest_route=%2Fwp%2Fv2%2Fproduct_tag&post=532"}],"curies":[{"name":"wp","href":"https:\/\/api.w.org\/{rel}","templated":true}]}}