{"id":561,"date":"2017-02-08T15:43:58","date_gmt":"2017-02-08T15:43:58","guid":{"rendered":"https:\/\/www.sislibilgisayarci.com\/?product=intel-wm382200bg-wireless-lan-kart"},"modified":"2024-04-06T09:14:37","modified_gmt":"2024-04-06T09:14:37","slug":"intel-wm382200bg-wireless-lan-kart","status":"publish","type":"product","link":"https:\/\/www.sislibilgisayarci.com\/?product=intel-wm382200bg-wireless-lan-kart","title":{"rendered":"Intel Wm382200bg Wireless Lan Kart"},"content":{"rendered":"<p>\u00dcr\u00fcn 2. eldir.<\/p>\n<p>Kargo \u00fccreti\u00a0al\u0131c\u0131ya aittir.<\/p>\n<p>4\u00a0ad. mevcuttur.<\/p>\n<p>&nbsp;<\/p>\n","protected":false},"excerpt":{"rendered":"<p>\u00dcr\u00fcn 2. eldir. Kargo \u00fccreti\u00a0al\u0131c\u0131ya aittir. 4\u00a0ad. mevcuttur. &nbsp;<\/p>\n","protected":false},"featured_media":562,"template":"","meta":[],"product_cat":[355],"product_tag":[530],"_links":{"self":[{"href":"https:\/\/www.sislibilgisayarci.com\/index.php?rest_route=\/wp\/v2\/product\/561"}],"collection":[{"href":"https:\/\/www.sislibilgisayarci.com\/index.php?rest_route=\/wp\/v2\/product"}],"about":[{"href":"https:\/\/www.sislibilgisayarci.com\/index.php?rest_route=\/wp\/v2\/types\/product"}],"wp:featuredmedia":[{"embeddable":true,"href":"https:\/\/www.sislibilgisayarci.com\/index.php?rest_route=\/wp\/v2\/media\/562"}],"wp:attachment":[{"href":"https:\/\/www.sislibilgisayarci.com\/index.php?rest_route=%2Fwp%2Fv2%2Fmedia&parent=561"}],"wp:term":[{"taxonomy":"product_cat","embeddable":true,"href":"https:\/\/www.sislibilgisayarci.com\/index.php?rest_route=%2Fwp%2Fv2%2Fproduct_cat&post=561"},{"taxonomy":"product_tag","embeddable":true,"href":"https:\/\/www.sislibilgisayarci.com\/index.php?rest_route=%2Fwp%2Fv2%2Fproduct_tag&post=561"}],"curies":[{"name":"wp","href":"https:\/\/api.w.org\/{rel}","templated":true}]}}