{"id":679,"date":"2017-02-13T15:03:11","date_gmt":"2017-02-13T15:03:11","guid":{"rendered":"https:\/\/www.sislibilgisayarci.com\/?product=apple-macbook-pro-a1286-dvd-rw-uj898"},"modified":"2024-04-06T09:14:30","modified_gmt":"2024-04-06T09:14:30","slug":"apple-macbook-pro-a1286-dvd-rw-uj898","status":"publish","type":"product","link":"https:\/\/www.sislibilgisayarci.com\/?product=apple-macbook-pro-a1286-dvd-rw-uj898","title":{"rendered":"APPLE MACBOOK PRO A1286 DVD-RW UJ898"},"content":{"rendered":"<p>\u00dcr\u00fcn 2. eldir.<\/p>\n<p>Kargo \u00fccreti m\u00fc\u015fteriye aittir.<\/p>\n<p>&nbsp;<\/p>\n","protected":false},"excerpt":{"rendered":"<p>\u00dcr\u00fcn 2. eldir. Kargo \u00fccreti m\u00fc\u015fteriye aittir. &nbsp;<\/p>\n","protected":false},"featured_media":680,"template":"","meta":[],"product_cat":[626],"product_tag":[656,653,658,654,569,659],"_links":{"self":[{"href":"https:\/\/www.sislibilgisayarci.com\/index.php?rest_route=\/wp\/v2\/product\/679"}],"collection":[{"href":"https:\/\/www.sislibilgisayarci.com\/index.php?rest_route=\/wp\/v2\/product"}],"about":[{"href":"https:\/\/www.sislibilgisayarci.com\/index.php?rest_route=\/wp\/v2\/types\/product"}],"wp:featuredmedia":[{"embeddable":true,"href":"https:\/\/www.sislibilgisayarci.com\/index.php?rest_route=\/wp\/v2\/media\/680"}],"wp:attachment":[{"href":"https:\/\/www.sislibilgisayarci.com\/index.php?rest_route=%2Fwp%2Fv2%2Fmedia&parent=679"}],"wp:term":[{"taxonomy":"product_cat","embeddable":true,"href":"https:\/\/www.sislibilgisayarci.com\/index.php?rest_route=%2Fwp%2Fv2%2Fproduct_cat&post=679"},{"taxonomy":"product_tag","embeddable":true,"href":"https:\/\/www.sislibilgisayarci.com\/index.php?rest_route=%2Fwp%2Fv2%2Fproduct_tag&post=679"}],"curies":[{"name":"wp","href":"https:\/\/api.w.org\/{rel}","templated":true}]}}