{"id":755,"date":"2017-02-25T13:14:31","date_gmt":"2017-02-25T13:14:31","guid":{"rendered":"https:\/\/www.sislibilgisayarci.com\/?product=samsung-n150-plus-touch-flex-touchpad-kablosu-e308724-awm"},"modified":"2024-04-06T09:14:26","modified_gmt":"2024-04-06T09:14:26","slug":"samsung-n150-plus-touch-flex-touchpad-kablosu-e308724-awm","status":"publish","type":"product","link":"https:\/\/www.sislibilgisayarci.com\/?product=samsung-n150-plus-touch-flex-touchpad-kablosu-e308724-awm","title":{"rendered":"SAMSUNG N150 PLUS TOUCH FLEX (Touchpad Kablosu) E308724 AWM"},"content":{"rendered":"<p>\u00dcr\u00fcn ikinci eldir.<\/p>\n<p>Kargo m\u00fc\u015fteriye aittir.<\/p>\n<div id=\"PicturePanel\" class=\"pp-c\"><\/div>\n","protected":false},"excerpt":{"rendered":"<p>\u00dcr\u00fcn ikinci eldir. Kargo m\u00fc\u015fteriye aittir.<\/p>\n","protected":false},"featured_media":756,"template":"","meta":[],"product_cat":[232],"product_tag":[743,742,741,236,736,737,128,740,388],"_links":{"self":[{"href":"https:\/\/www.sislibilgisayarci.com\/index.php?rest_route=\/wp\/v2\/product\/755"}],"collection":[{"href":"https:\/\/www.sislibilgisayarci.com\/index.php?rest_route=\/wp\/v2\/product"}],"about":[{"href":"https:\/\/www.sislibilgisayarci.com\/index.php?rest_route=\/wp\/v2\/types\/product"}],"wp:featuredmedia":[{"embeddable":true,"href":"https:\/\/www.sislibilgisayarci.com\/index.php?rest_route=\/wp\/v2\/media\/756"}],"wp:attachment":[{"href":"https:\/\/www.sislibilgisayarci.com\/index.php?rest_route=%2Fwp%2Fv2%2Fmedia&parent=755"}],"wp:term":[{"taxonomy":"product_cat","embeddable":true,"href":"https:\/\/www.sislibilgisayarci.com\/index.php?rest_route=%2Fwp%2Fv2%2Fproduct_cat&post=755"},{"taxonomy":"product_tag","embeddable":true,"href":"https:\/\/www.sislibilgisayarci.com\/index.php?rest_route=%2Fwp%2Fv2%2Fproduct_tag&post=755"}],"curies":[{"name":"wp","href":"https:\/\/api.w.org\/{rel}","templated":true}]}}