{"id":758,"date":"2017-02-25T13:17:52","date_gmt":"2017-02-25T13:17:52","guid":{"rendered":"https:\/\/www.sislibilgisayarci.com\/?product=samsung-n150-plus-bios-pil"},"modified":"2024-04-06T09:14:26","modified_gmt":"2024-04-06T09:14:26","slug":"samsung-n150-plus-bios-pil","status":"publish","type":"product","link":"https:\/\/www.sislibilgisayarci.com\/?product=samsung-n150-plus-bios-pil","title":{"rendered":"SAMSUNG N150 PLUS BIOS P\u0130L"},"content":{"rendered":"<p>\u00dcr\u00fcn ikinci eldir.<\/p>\n<p>Kargo m\u00fc\u015fteriye aittir.<\/p>\n<div id=\"PicturePanel\" class=\"pp-c\"><\/div>\n","protected":false},"excerpt":{"rendered":"<p>\u00dcr\u00fcn ikinci eldir. Kargo m\u00fc\u015fteriye aittir.<\/p>\n","protected":false},"featured_media":759,"template":"","meta":[],"product_cat":[334],"product_tag":[744,335,736,336,737,128],"_links":{"self":[{"href":"https:\/\/www.sislibilgisayarci.com\/index.php?rest_route=\/wp\/v2\/product\/758"}],"collection":[{"href":"https:\/\/www.sislibilgisayarci.com\/index.php?rest_route=\/wp\/v2\/product"}],"about":[{"href":"https:\/\/www.sislibilgisayarci.com\/index.php?rest_route=\/wp\/v2\/types\/product"}],"wp:featuredmedia":[{"embeddable":true,"href":"https:\/\/www.sislibilgisayarci.com\/index.php?rest_route=\/wp\/v2\/media\/759"}],"wp:attachment":[{"href":"https:\/\/www.sislibilgisayarci.com\/index.php?rest_route=%2Fwp%2Fv2%2Fmedia&parent=758"}],"wp:term":[{"taxonomy":"product_cat","embeddable":true,"href":"https:\/\/www.sislibilgisayarci.com\/index.php?rest_route=%2Fwp%2Fv2%2Fproduct_cat&post=758"},{"taxonomy":"product_tag","embeddable":true,"href":"https:\/\/www.sislibilgisayarci.com\/index.php?rest_route=%2Fwp%2Fv2%2Fproduct_tag&post=758"}],"curies":[{"name":"wp","href":"https:\/\/api.w.org\/{rel}","templated":true}]}}