{"id":774,"date":"2017-02-25T14:59:05","date_gmt":"2017-02-25T14:59:05","guid":{"rendered":"https:\/\/www.sislibilgisayarci.com\/?product=wireless-wifi-lan-card-anatel-dhxb-81-samsung-n150-plus"},"modified":"2024-04-06T09:14:23","modified_gmt":"2024-04-06T09:14:23","slug":"wireless-wifi-lan-card-anatel-dhxb-81-samsung-n150-plus","status":"publish","type":"product","link":"https:\/\/www.sislibilgisayarci.com\/?product=wireless-wifi-lan-card-anatel-dhxb-81-samsung-n150-plus","title":{"rendered":"WIRELESS WIFI LAN CARD ANATEL DHXB-81 Samsung, N150, Plus"},"content":{"rendered":"<p>\u00dcr\u00fcn ikinci eldir.<\/p>\n<p>Kargo m\u00fc\u015fteriye aittir.<\/p>\n<p>&nbsp;<\/p>\n","protected":false},"excerpt":{"rendered":"<p>\u00dcr\u00fcn ikinci eldir. Kargo m\u00fc\u015fteriye aittir. &nbsp;<\/p>\n","protected":false},"featured_media":775,"template":"","meta":[],"product_cat":[355],"product_tag":[764,38,765,763,756,759,760,761,736,758,757,737,128,356,114],"_links":{"self":[{"href":"https:\/\/www.sislibilgisayarci.com\/index.php?rest_route=\/wp\/v2\/product\/774"}],"collection":[{"href":"https:\/\/www.sislibilgisayarci.com\/index.php?rest_route=\/wp\/v2\/product"}],"about":[{"href":"https:\/\/www.sislibilgisayarci.com\/index.php?rest_route=\/wp\/v2\/types\/product"}],"wp:featuredmedia":[{"embeddable":true,"href":"https:\/\/www.sislibilgisayarci.com\/index.php?rest_route=\/wp\/v2\/media\/775"}],"wp:attachment":[{"href":"https:\/\/www.sislibilgisayarci.com\/index.php?rest_route=%2Fwp%2Fv2%2Fmedia&parent=774"}],"wp:term":[{"taxonomy":"product_cat","embeddable":true,"href":"https:\/\/www.sislibilgisayarci.com\/index.php?rest_route=%2Fwp%2Fv2%2Fproduct_cat&post=774"},{"taxonomy":"product_tag","embeddable":true,"href":"https:\/\/www.sislibilgisayarci.com\/index.php?rest_route=%2Fwp%2Fv2%2Fproduct_tag&post=774"}],"curies":[{"name":"wp","href":"https:\/\/api.w.org\/{rel}","templated":true}]}}