{"id":830,"date":"2017-03-09T13:35:28","date_gmt":"2017-03-09T13:35:28","guid":{"rendered":"https:\/\/www.sislibilgisayarci.com\/?product=datron-tw7-ekran-cerceve-39tw7lb00503b"},"modified":"2024-04-06T09:14:19","modified_gmt":"2024-04-06T09:14:19","slug":"datron-tw7-ekran-cerceve-39tw7lb00503b","status":"publish","type":"product","link":"https:\/\/www.sislibilgisayarci.com\/?product=datron-tw7-ekran-cerceve-39tw7lb00503b","title":{"rendered":"Datron TW7 Ekran \u00c7er\u00e7eve 39tw7lb00503b"},"content":{"rendered":"<p>\u00dcr\u00fcn ikinci eldir.<\/p>\n<p>Kargo m\u00fc\u015fteriye aittir.<\/p>\n<p>&nbsp;<\/p>\n<p>&nbsp;<\/p>\n<p>&nbsp;<\/p>\n","protected":false},"excerpt":{"rendered":"<p>\u00dcr\u00fcn ikinci eldir. Kargo m\u00fc\u015fteriye aittir. &nbsp; &nbsp; &nbsp;<\/p>\n","protected":false},"featured_media":831,"template":"","meta":[],"product_cat":[222],"product_tag":[797,223,790,219,794],"_links":{"self":[{"href":"https:\/\/www.sislibilgisayarci.com\/index.php?rest_route=\/wp\/v2\/product\/830"}],"collection":[{"href":"https:\/\/www.sislibilgisayarci.com\/index.php?rest_route=\/wp\/v2\/product"}],"about":[{"href":"https:\/\/www.sislibilgisayarci.com\/index.php?rest_route=\/wp\/v2\/types\/product"}],"wp:featuredmedia":[{"embeddable":true,"href":"https:\/\/www.sislibilgisayarci.com\/index.php?rest_route=\/wp\/v2\/media\/831"}],"wp:attachment":[{"href":"https:\/\/www.sislibilgisayarci.com\/index.php?rest_route=%2Fwp%2Fv2%2Fmedia&parent=830"}],"wp:term":[{"taxonomy":"product_cat","embeddable":true,"href":"https:\/\/www.sislibilgisayarci.com\/index.php?rest_route=%2Fwp%2Fv2%2Fproduct_cat&post=830"},{"taxonomy":"product_tag","embeddable":true,"href":"https:\/\/www.sislibilgisayarci.com\/index.php?rest_route=%2Fwp%2Fv2%2Fproduct_tag&post=830"}],"curies":[{"name":"wp","href":"https:\/\/api.w.org\/{rel}","templated":true}]}}