{"id":854,"date":"2017-03-09T14:38:35","date_gmt":"2017-03-09T14:38:35","guid":{"rendered":"https:\/\/www.sislibilgisayarci.com\/?product=datron-tw7-inventor-dtaas023217038080324-00"},"modified":"2024-04-06T09:14:17","modified_gmt":"2024-04-06T09:14:17","slug":"datron-tw7-inventor-dtaas023217038080324-00","status":"publish","type":"product","link":"https:\/\/www.sislibilgisayarci.com\/?product=datron-tw7-inventor-dtaas023217038080324-00","title":{"rendered":"Datron TW7 Inventor, DTAAS023217038080324-00"},"content":{"rendered":"<p>\u00dcr\u00fcn ikinci eldir.<\/p>\n<p>Kargo m\u00fc\u015fteriye aittir.<\/p>\n<p>&nbsp;<\/p>\n<p>&nbsp;<\/p>\n<p>&nbsp;<\/p>\n","protected":false},"excerpt":{"rendered":"<p>\u00dcr\u00fcn ikinci eldir. Kargo m\u00fc\u015fteriye aittir. &nbsp; &nbsp; &nbsp;<\/p>\n","protected":false},"featured_media":855,"template":"","meta":[],"product_cat":[36],"product_tag":[790,805,804,794],"_links":{"self":[{"href":"https:\/\/www.sislibilgisayarci.com\/index.php?rest_route=\/wp\/v2\/product\/854"}],"collection":[{"href":"https:\/\/www.sislibilgisayarci.com\/index.php?rest_route=\/wp\/v2\/product"}],"about":[{"href":"https:\/\/www.sislibilgisayarci.com\/index.php?rest_route=\/wp\/v2\/types\/product"}],"wp:featuredmedia":[{"embeddable":true,"href":"https:\/\/www.sislibilgisayarci.com\/index.php?rest_route=\/wp\/v2\/media\/855"}],"wp:attachment":[{"href":"https:\/\/www.sislibilgisayarci.com\/index.php?rest_route=%2Fwp%2Fv2%2Fmedia&parent=854"}],"wp:term":[{"taxonomy":"product_cat","embeddable":true,"href":"https:\/\/www.sislibilgisayarci.com\/index.php?rest_route=%2Fwp%2Fv2%2Fproduct_cat&post=854"},{"taxonomy":"product_tag","embeddable":true,"href":"https:\/\/www.sislibilgisayarci.com\/index.php?rest_route=%2Fwp%2Fv2%2Fproduct_tag&post=854"}],"curies":[{"name":"wp","href":"https:\/\/api.w.org\/{rel}","templated":true}]}}