{"id":861,"date":"2017-03-09T14:52:43","date_gmt":"2017-03-09T14:52:43","guid":{"rendered":"https:\/\/www.sislibilgisayarci.com\/?product=datron-tw7-klavye-tw3"},"modified":"2024-04-06T09:14:16","modified_gmt":"2024-04-06T09:14:16","slug":"datron-tw7-klavye-tw3","status":"publish","type":"product","link":"https:\/\/www.sislibilgisayarci.com\/?product=datron-tw7-klavye-tw3","title":{"rendered":"Datron TW7 Klavye TW3"},"content":{"rendered":"<p>\u00dcr\u00fcn ikinci eldir.<\/p>\n<p>Kargo m\u00fc\u015fteriye aittir.<\/p>\n<p>F12 tu\u015fu yerinden oynuyor&#8230;<\/p>\n<p><strong>Uyumlu Modelleri:<\/strong><\/p>\n<p><strong>Casper Tw3<br \/>\nCasper Tw7<br \/>\nAsus s96j<\/strong><\/p>\n<p><strong>Asus z84<\/strong><\/p>\n<p><strong>Asus z84fm<\/strong><\/p>\n<p><strong>Asus z84jp<\/strong><\/p>\n<p><strong>Asus z96<\/strong><\/p>\n<p><strong>Asus z96f<\/strong><\/p>\n<p><strong>Asus z96h<\/strong><\/p>\n<p><strong>Asus z96j<\/strong><\/p>\n<p><strong>Asus z96js<\/strong><\/p>\n<p><strong>Casper e89<\/strong><\/p>\n<p><strong>Casper tw7<\/strong><\/p>\n<p><strong>Datron tw3<\/strong><\/p>\n<p><strong>Datron tw7<\/strong><\/p>\n<p><strong>Datron zw6<\/strong><\/p>\n<p>&nbsp;<\/p>\n<p>&nbsp;<\/p>\n<p>&nbsp;<\/p>\n","protected":false},"excerpt":{"rendered":"<p>\u00dcr\u00fcn ikinci eldir. Kargo m\u00fc\u015fteriye aittir. F12 tu\u015fu yerinden oynuyor&#8230; Uyumlu Modelleri: Casper Tw3 Casper Tw7 Asus s96j Asus z84 Asus z84fm Asus z84jp Asus z96 Asus z96f Asus z96h Asus z96j Asus z96js Casper e89 Casper tw7 Datron tw3 Datron tw7 Datron zw6 &nbsp; &nbsp; &nbsp;<\/p>\n","protected":false},"featured_media":862,"template":"","meta":[],"product_cat":[48],"product_tag":[790,809,794],"_links":{"self":[{"href":"https:\/\/www.sislibilgisayarci.com\/index.php?rest_route=\/wp\/v2\/product\/861"}],"collection":[{"href":"https:\/\/www.sislibilgisayarci.com\/index.php?rest_route=\/wp\/v2\/product"}],"about":[{"href":"https:\/\/www.sislibilgisayarci.com\/index.php?rest_route=\/wp\/v2\/types\/product"}],"wp:featuredmedia":[{"embeddable":true,"href":"https:\/\/www.sislibilgisayarci.com\/index.php?rest_route=\/wp\/v2\/media\/862"}],"wp:attachment":[{"href":"https:\/\/www.sislibilgisayarci.com\/index.php?rest_route=%2Fwp%2Fv2%2Fmedia&parent=861"}],"wp:term":[{"taxonomy":"product_cat","embeddable":true,"href":"https:\/\/www.sislibilgisayarci.com\/index.php?rest_route=%2Fwp%2Fv2%2Fproduct_cat&post=861"},{"taxonomy":"product_tag","embeddable":true,"href":"https:\/\/www.sislibilgisayarci.com\/index.php?rest_route=%2Fwp%2Fv2%2Fproduct_tag&post=861"}],"curies":[{"name":"wp","href":"https:\/\/api.w.org\/{rel}","templated":true}]}}